{"id":6266,"date":"2021-10-15T19:59:29","date_gmt":"2021-10-15T19:59:29","guid":{"rendered":"https:\/\/dev.ibcparts.eu\/?post_type=product&#038;p=6266"},"modified":"2022-01-22T10:17:38","modified_gmt":"2022-01-22T09:17:38","slug":"reducir-eco-plus-3-4-in-1-za-ibc-cisterne-z-ventilom-s60","status":"publish","type":"product","link":"https:\/\/dev.ibcparts.eu\/de\/nakupujte\/reducirji-in-prikljucki-za-ibc\/reducir-eco-plus-3-4-in-1-za-ibc-cisterne-z-ventilom-s60\/","title":{"rendered":"Reducir ECO PLUS (3\/4\u2033 und 1\u2033) f\u00fcr IBC-Beh\u00e4lter mit S60-Ventil"},"content":{"rendered":"<p>Informationen zum Produkt:<br \/>\nSehr hochwertiges und bew\u00e4hrtes ECO PLUS Reduktionsmittel.<\/p>\n<p>F\u00fcr Tanks mit Ventil fi 55-62mm, Grobgewinde S60x6 (DN50).<\/p>\n<p>Typ des Gewindes in der Mitte: BSP-Au\u00dfengewinde in zwei verschiedenen Abmessungen.<br \/>\nMaterial: Kunststoff<br \/>\nFarbe: schwarz<br \/>\nSchaumstoffdichtung (PE) auf der Innenseite. Eine Gummidichtung kann ebenfalls bestellt werden.<br \/>\nAuf der Seite, auf der das Gewinde fein ist, empfehlen wir die Verwendung von Teflon.<br \/>\nTeflon darf NICHT zwischen dem Tankventil und dem Reduzierst\u00fcck verwendet werden.<br \/>\n\u200b<br \/>\nAuch sehr gut geeignet f\u00fcr Verbindungen zwischen Tanks.<\/p>\n<p>Hervorragende Abdichtung und ausgezeichnete Haltbarkeit!<\/p>\n<p>Optionen:<br \/>\n3\/4\u2033 Au\u00dfengewinde,<br \/>\n1\u2033 Au\u00dfengewinde.<br \/>\n\u200b<br \/>\nBitte lesen Sie die nachstehenden Warnungen\/Anweisungen.<br \/>\n\u200b<br \/>\nWarnung:<br \/>\nPanzer sehen auf den ersten Blick gleich aus, aber sie unterscheiden sich voneinander. Der gr\u00f6\u00dfte Unterschied liegt in den Ventilen. Der Standard- und h\u00e4ufigste Au\u00dfendurchmesser des Ventils betr\u00e4gt 60 mm. In der Praxis kann er zwischen 55 und 62 mm variieren.<br \/>\nECO PLUS Reduzierst\u00fccke sind f\u00fcr alle Grobgewinde von Ventilen mit 60 mm Durchmesser (S60x6) geeignet. Aufgrund von leichten Unterschieden bei den \"Standard\"-Ventilgewinden kann die Haptik des Reduzierst\u00fccks beim Einbau variieren. Es kann perfekt passen, es kann ein bisschen locker sein oder ein bisschen fester. Wenn er ganz eingeschraubt ist, ist er fest und sicher.<\/p>\n<p>Tipp 1:<br \/>\nVergewissern Sie sich vor dem Einbau, dass die Wange des Tankventils (wo das Reduzierst\u00fcck eingebaut ist) glatt und unbesch\u00e4digt ist. Neue Tanks haben eine Aluminiumdichtung an der Ventil\u00f6ffnung - wenn diese oberfl\u00e4chlich entfernt wird, kann dies die Ursache f\u00fcr eine schlechte Abdichtung des Reduzierst\u00fccks sein. Eventuelle Unebenheiten am Ventil sollten vor dem ersten Einbau des Druckminderers entfernt oder mit Schleifpapier abgeschliffen werden.<br \/>\nECO PLUS Reduzierst\u00fccke haben eine Dichtung aus h\u00e4rterem Schaum (PE), die auch bei gr\u00f6\u00dferen Unregelm\u00e4\u00dfigkeiten am Ventil perfekt abdichtet. Es ist jedoch zu beachten, dass dadurch die Dichtung besch\u00e4digt werden kann, was sich bei der n\u00e4chsten Installation auf die Dichtung auswirken kann.<br \/>\n\u200b<br \/>\nTipp2:<br \/>\nWenn Sie ein Verbindungsst\u00fcck an dieses Reduzierst\u00fcck anschlie\u00dfen, m\u00fcssen Sie Teflonband verwenden. Dies gew\u00e4hrleistet eine perfekte Abdichtung und die richtige Position des Wasserhahns oder des Anschlusses.<\/p>\n<p>Tipp3:<br \/>\nECO PLUS Reduzierst\u00fccke sind original, von hoher Qualit\u00e4t und von einem renommierten Lieferanten. Sie sind erschwinglich und eignen sich hervorragend f\u00fcr die Gartenbew\u00e4sserung und erf\u00fcllen perfekt die Funktion, f\u00fcr die sie bestimmt sind.<\/p>\n<p>Trotz sorgf\u00e4ltiger Produktionskontrolle kann es vorkommen, dass eines von einigen tausend Exemplaren einen Materialfehler aufweist. Und selbst das wird nur angezeigt, wenn Ihr Tank zu denen geh\u00f6rt, die den maximalen Durchmesser f\u00fcr dieses Reduzierst\u00fcck haben, d.h. 62 mm. Sollten Sie einen Fehler feststellen, der die Funktion beeintr\u00e4chtigt, teilen Sie uns dies bitte mit.<\/p>\n<p>Beachten Sie, dass es auf dem Markt viele Kopien gibt, die auf den ersten Blick \u00e4hnlich aussehen, aber von sehr schlechter Qualit\u00e4t sind.<\/p>","protected":false},"excerpt":{"rendered":"<table class=\"simple-table style-top\">\n<tbody>\n<tr>\n<td class=\"cell\">\n<div class=\"paragraph\"><strong><span style=\"color: #508d24;\">Menge (St\u00fcck)<\/span><\/strong><\/div>\n<\/td>\n<td class=\"cell\">\n<div class=\"paragraph\"><strong><span style=\"color: #508d24;\">Preis\/St\u00fcck<\/span><\/strong><\/div>\n<\/td>\n<\/tr>\n<tr>\n<td class=\"cell\">\n<div class=\"paragraph\">1 oder 2<\/div>\n<\/td>\n<td class=\"cell\">\n<div class=\"paragraph\">13,50\u20ac<\/div>\n<\/td>\n<\/tr>\n<tr>\n<td class=\"cell\">\n<div class=\"paragraph\">3 bis 9<\/div>\n<\/td>\n<td class=\"cell\">\n<div class=\"paragraph\">11,48\u20ac<\/div>\n<\/td>\n<\/tr>\n<tr>\n<td class=\"cell\">\n<div class=\"paragraph\">10 oder mehr<\/div>\n<\/td>\n<td class=\"cell\">\n<div class=\"paragraph\">9,45\u20ac<\/div>\n<\/td>\n<\/tr>\n<\/tbody>\n<\/table>\n<p>&nbsp;<\/p>","protected":false},"featured_media":6267,"template":"","meta":[],"product_cat":[170],"product_tag":[],"yoast_head":"<!-- This site is optimized with the Yoast SEO plugin v19.1 - https:\/\/yoast.com\/wordpress\/plugins\/seo\/ -->\n<title>Reducir ECO PLUS (3\/4&quot; in 1&quot;) za IBC cisterne z ventilom S60 | IBCparts.eu<\/title>\n<meta name=\"description\" content=\"Zelo kvaliteten in preverjen reducir ECO PLUS.Za cisterne z ventilom fi 55-62mm, grobi navoj S60x6 (DN50).\" \/>\n<meta name=\"robots\" content=\"index, follow, max-snippet:-1, max-image-preview:large, max-video-preview:-1\" \/>\n<link rel=\"canonical\" href=\"https:\/\/dev.ibcparts.eu\/de\/nakupujte\/reducirji-in-prikljucki-za-ibc\/reducir-eco-plus-3-4-in-1-za-ibc-cisterne-z-ventilom-s60\/\" \/>\n<meta property=\"og:locale\" content=\"de_DE\" \/>\n<meta property=\"og:type\" content=\"article\" \/>\n<meta property=\"og:title\" content=\"Reducir ECO PLUS (3\/4&quot; in 1&quot;) za IBC cisterne z ventilom S60 | IBCparts.eu\" \/>\n<meta property=\"og:description\" content=\"Zelo kvaliteten in preverjen reducir ECO PLUS.Za cisterne z ventilom fi 55-62mm, grobi navoj S60x6 (DN50).\" \/>\n<meta property=\"og:url\" content=\"https:\/\/dev.ibcparts.eu\/de\/nakupujte\/reducirji-in-prikljucki-za-ibc\/reducir-eco-plus-3-4-in-1-za-ibc-cisterne-z-ventilom-s60\/\" \/>\n<meta property=\"og:site_name\" content=\"IBCparts.eu\" \/>\n<meta property=\"article:modified_time\" content=\"2022-01-22T09:17:38+00:00\" \/>\n<meta property=\"og:image\" content=\"https:\/\/dev.ibcparts.eu\/wp-content\/uploads\/2021\/10\/reducir-eco-plus_orig.jpg\" \/>\n\t<meta property=\"og:image:width\" content=\"432\" \/>\n\t<meta property=\"og:image:height\" content=\"432\" \/>\n\t<meta property=\"og:image:type\" content=\"image\/jpeg\" \/>\n<meta name=\"twitter:card\" content=\"summary_large_image\" \/>\n<meta name=\"twitter:label1\" content=\"Gesch\u00e4tzte Lesezeit\" \/>\n\t<meta name=\"twitter:data1\" content=\"2\u00a0Minuten\" \/>\n<script type=\"application\/ld+json\" class=\"yoast-schema-graph\">{\"@context\":\"https:\/\/schema.org\",\"@graph\":[{\"@type\":\"Organization\",\"@id\":\"https:\/\/dev.ibcparts.eu\/#organization\",\"name\":\"IBCparts\",\"url\":\"https:\/\/dev.ibcparts.eu\/\",\"sameAs\":[],\"logo\":{\"@type\":\"ImageObject\",\"inLanguage\":\"de\",\"@id\":\"https:\/\/dev.ibcparts.eu\/#\/schema\/logo\/image\/\",\"url\":\"https:\/\/dev.ibcparts.eu\/wp-content\/uploads\/2021\/10\/Footer-Logo.png\",\"contentUrl\":\"https:\/\/dev.ibcparts.eu\/wp-content\/uploads\/2021\/10\/Footer-Logo.png\",\"width\":1992,\"height\":772,\"caption\":\"IBCparts\"},\"image\":{\"@id\":\"https:\/\/dev.ibcparts.eu\/#\/schema\/logo\/image\/\"}},{\"@type\":\"WebSite\",\"@id\":\"https:\/\/dev.ibcparts.eu\/#website\",\"url\":\"https:\/\/dev.ibcparts.eu\/\",\"name\":\"IBCparts.eu\",\"description\":\"\",\"publisher\":{\"@id\":\"https:\/\/dev.ibcparts.eu\/#organization\"},\"potentialAction\":[{\"@type\":\"SearchAction\",\"target\":{\"@type\":\"EntryPoint\",\"urlTemplate\":\"https:\/\/dev.ibcparts.eu\/?s={search_term_string}\"},\"query-input\":\"required name=search_term_string\"}],\"inLanguage\":\"de\"},{\"@type\":\"ImageObject\",\"inLanguage\":\"de\",\"@id\":\"https:\/\/dev.ibcparts.eu\/de\/nakupujte\/reducirji-in-prikljucki-za-ibc\/reducir-eco-plus-3-4-in-1-za-ibc-cisterne-z-ventilom-s60\/#primaryimage\",\"url\":\"https:\/\/dev.ibcparts.eu\/wp-content\/uploads\/2021\/10\/reducir-eco-plus_orig.jpg\",\"contentUrl\":\"https:\/\/dev.ibcparts.eu\/wp-content\/uploads\/2021\/10\/reducir-eco-plus_orig.jpg\",\"width\":432,\"height\":432,\"caption\":\"reducir-eco-plus_orig\"},{\"@type\":\"WebPage\",\"@id\":\"https:\/\/dev.ibcparts.eu\/de\/nakupujte\/reducirji-in-prikljucki-za-ibc\/reducir-eco-plus-3-4-in-1-za-ibc-cisterne-z-ventilom-s60\/#webpage\",\"url\":\"https:\/\/dev.ibcparts.eu\/de\/nakupujte\/reducirji-in-prikljucki-za-ibc\/reducir-eco-plus-3-4-in-1-za-ibc-cisterne-z-ventilom-s60\/\",\"name\":\"Reducir ECO PLUS (3\/4\\\" in 1\\\") za IBC cisterne z ventilom S60 | IBCparts.eu\",\"isPartOf\":{\"@id\":\"https:\/\/dev.ibcparts.eu\/#website\"},\"primaryImageOfPage\":{\"@id\":\"https:\/\/dev.ibcparts.eu\/de\/nakupujte\/reducirji-in-prikljucki-za-ibc\/reducir-eco-plus-3-4-in-1-za-ibc-cisterne-z-ventilom-s60\/#primaryimage\"},\"datePublished\":\"2021-10-15T19:59:29+00:00\",\"dateModified\":\"2022-01-22T09:17:38+00:00\",\"description\":\"Zelo kvaliteten in preverjen reducir ECO PLUS.Za cisterne z ventilom fi 55-62mm, grobi navoj S60x6 (DN50).\",\"breadcrumb\":{\"@id\":\"https:\/\/dev.ibcparts.eu\/de\/nakupujte\/reducirji-in-prikljucki-za-ibc\/reducir-eco-plus-3-4-in-1-za-ibc-cisterne-z-ventilom-s60\/#breadcrumb\"},\"inLanguage\":\"de\",\"potentialAction\":[{\"@type\":\"ReadAction\",\"target\":[\"https:\/\/dev.ibcparts.eu\/de\/nakupujte\/reducirji-in-prikljucki-za-ibc\/reducir-eco-plus-3-4-in-1-za-ibc-cisterne-z-ventilom-s60\/\"]}]},{\"@type\":\"BreadcrumbList\",\"@id\":\"https:\/\/dev.ibcparts.eu\/de\/nakupujte\/reducirji-in-prikljucki-za-ibc\/reducir-eco-plus-3-4-in-1-za-ibc-cisterne-z-ventilom-s60\/#breadcrumb\",\"itemListElement\":[{\"@type\":\"ListItem\",\"position\":1,\"name\":\"Home\",\"item\":\"https:\/\/dev.ibcparts.eu\/\"},{\"@type\":\"ListItem\",\"position\":2,\"name\":\"Nakupujte\",\"item\":\"https:\/\/dev.ibcparts.eu\/nakupujte\/\"},{\"@type\":\"ListItem\",\"position\":3,\"name\":\"Reducir ECO PLUS (3\/4&#8243; in 1&#8243;) za IBC cisterne z ventilom S60\"}]}]}<\/script>\n<!-- \/ Yoast SEO plugin. -->","yoast_head_json":{"title":"Reducir ECO PLUS (3\/4\" in 1\") za IBC cisterne z ventilom S60 | IBCparts.eu","description":"Zelo kvaliteten in preverjen reducir ECO PLUS.Za cisterne z ventilom fi 55-62mm, grobi navoj S60x6 (DN50).","robots":{"index":"index","follow":"follow","max-snippet":"max-snippet:-1","max-image-preview":"max-image-preview:large","max-video-preview":"max-video-preview:-1"},"canonical":"https:\/\/dev.ibcparts.eu\/de\/nakupujte\/reducirji-in-prikljucki-za-ibc\/reducir-eco-plus-3-4-in-1-za-ibc-cisterne-z-ventilom-s60\/","og_locale":"de_DE","og_type":"article","og_title":"Reducir ECO PLUS (3\/4\" in 1\") za IBC cisterne z ventilom S60 | IBCparts.eu","og_description":"Zelo kvaliteten in preverjen reducir ECO PLUS.Za cisterne z ventilom fi 55-62mm, grobi navoj S60x6 (DN50).","og_url":"https:\/\/dev.ibcparts.eu\/de\/nakupujte\/reducirji-in-prikljucki-za-ibc\/reducir-eco-plus-3-4-in-1-za-ibc-cisterne-z-ventilom-s60\/","og_site_name":"IBCparts.eu","article_modified_time":"2022-01-22T09:17:38+00:00","og_image":[{"width":432,"height":432,"url":"https:\/\/dev.ibcparts.eu\/wp-content\/uploads\/2021\/10\/reducir-eco-plus_orig.jpg","type":"image\/jpeg"}],"twitter_card":"summary_large_image","twitter_misc":{"Gesch\u00e4tzte Lesezeit":"2\u00a0Minuten"},"schema":{"@context":"https:\/\/schema.org","@graph":[{"@type":"Organization","@id":"https:\/\/dev.ibcparts.eu\/#organization","name":"IBCparts","url":"https:\/\/dev.ibcparts.eu\/","sameAs":[],"logo":{"@type":"ImageObject","inLanguage":"de","@id":"https:\/\/dev.ibcparts.eu\/#\/schema\/logo\/image\/","url":"https:\/\/dev.ibcparts.eu\/wp-content\/uploads\/2021\/10\/Footer-Logo.png","contentUrl":"https:\/\/dev.ibcparts.eu\/wp-content\/uploads\/2021\/10\/Footer-Logo.png","width":1992,"height":772,"caption":"IBCparts"},"image":{"@id":"https:\/\/dev.ibcparts.eu\/#\/schema\/logo\/image\/"}},{"@type":"WebSite","@id":"https:\/\/dev.ibcparts.eu\/#website","url":"https:\/\/dev.ibcparts.eu\/","name":"IBCparts.eu","description":"","publisher":{"@id":"https:\/\/dev.ibcparts.eu\/#organization"},"potentialAction":[{"@type":"SearchAction","target":{"@type":"EntryPoint","urlTemplate":"https:\/\/dev.ibcparts.eu\/?s={search_term_string}"},"query-input":"required name=search_term_string"}],"inLanguage":"de"},{"@type":"ImageObject","inLanguage":"de","@id":"https:\/\/dev.ibcparts.eu\/de\/nakupujte\/reducirji-in-prikljucki-za-ibc\/reducir-eco-plus-3-4-in-1-za-ibc-cisterne-z-ventilom-s60\/#primaryimage","url":"https:\/\/dev.ibcparts.eu\/wp-content\/uploads\/2021\/10\/reducir-eco-plus_orig.jpg","contentUrl":"https:\/\/dev.ibcparts.eu\/wp-content\/uploads\/2021\/10\/reducir-eco-plus_orig.jpg","width":432,"height":432,"caption":"reducir-eco-plus_orig"},{"@type":"WebPage","@id":"https:\/\/dev.ibcparts.eu\/de\/nakupujte\/reducirji-in-prikljucki-za-ibc\/reducir-eco-plus-3-4-in-1-za-ibc-cisterne-z-ventilom-s60\/#webpage","url":"https:\/\/dev.ibcparts.eu\/de\/nakupujte\/reducirji-in-prikljucki-za-ibc\/reducir-eco-plus-3-4-in-1-za-ibc-cisterne-z-ventilom-s60\/","name":"Reducir ECO PLUS (3\/4\" in 1\") za IBC cisterne z ventilom S60 | IBCparts.eu","isPartOf":{"@id":"https:\/\/dev.ibcparts.eu\/#website"},"primaryImageOfPage":{"@id":"https:\/\/dev.ibcparts.eu\/de\/nakupujte\/reducirji-in-prikljucki-za-ibc\/reducir-eco-plus-3-4-in-1-za-ibc-cisterne-z-ventilom-s60\/#primaryimage"},"datePublished":"2021-10-15T19:59:29+00:00","dateModified":"2022-01-22T09:17:38+00:00","description":"Zelo kvaliteten in preverjen reducir ECO PLUS.Za cisterne z ventilom fi 55-62mm, grobi navoj S60x6 (DN50).","breadcrumb":{"@id":"https:\/\/dev.ibcparts.eu\/de\/nakupujte\/reducirji-in-prikljucki-za-ibc\/reducir-eco-plus-3-4-in-1-za-ibc-cisterne-z-ventilom-s60\/#breadcrumb"},"inLanguage":"de","potentialAction":[{"@type":"ReadAction","target":["https:\/\/dev.ibcparts.eu\/de\/nakupujte\/reducirji-in-prikljucki-za-ibc\/reducir-eco-plus-3-4-in-1-za-ibc-cisterne-z-ventilom-s60\/"]}]},{"@type":"BreadcrumbList","@id":"https:\/\/dev.ibcparts.eu\/de\/nakupujte\/reducirji-in-prikljucki-za-ibc\/reducir-eco-plus-3-4-in-1-za-ibc-cisterne-z-ventilom-s60\/#breadcrumb","itemListElement":[{"@type":"ListItem","position":1,"name":"Home","item":"https:\/\/dev.ibcparts.eu\/"},{"@type":"ListItem","position":2,"name":"Nakupujte","item":"https:\/\/dev.ibcparts.eu\/nakupujte\/"},{"@type":"ListItem","position":3,"name":"Reducir ECO PLUS (3\/4&#8243; in 1&#8243;) za IBC cisterne z ventilom S60"}]}]}},"_links":{"self":[{"href":"https:\/\/dev.ibcparts.eu\/de\/wp-json\/wp\/v2\/product\/6266"}],"collection":[{"href":"https:\/\/dev.ibcparts.eu\/de\/wp-json\/wp\/v2\/product"}],"about":[{"href":"https:\/\/dev.ibcparts.eu\/de\/wp-json\/wp\/v2\/types\/product"}],"version-history":[{"count":0,"href":"https:\/\/dev.ibcparts.eu\/de\/wp-json\/wp\/v2\/product\/6266\/revisions"}],"wp:featuredmedia":[{"embeddable":true,"href":"https:\/\/dev.ibcparts.eu\/de\/wp-json\/wp\/v2\/media\/6267"}],"wp:attachment":[{"href":"https:\/\/dev.ibcparts.eu\/de\/wp-json\/wp\/v2\/media?parent=6266"}],"wp:term":[{"taxonomy":"product_cat","embeddable":true,"href":"https:\/\/dev.ibcparts.eu\/de\/wp-json\/wp\/v2\/product_cat?post=6266"},{"taxonomy":"product_tag","embeddable":true,"href":"https:\/\/dev.ibcparts.eu\/de\/wp-json\/wp\/v2\/product_tag?post=6266"}],"curies":[{"name":"wp","href":"https:\/\/api.w.org\/{rel}","templated":true}]}}