{"id":7511,"date":"2021-11-09T15:39:26","date_gmt":"2021-11-09T14:39:26","guid":{"rendered":"https:\/\/dev.ibcparts.eu\/?post_type=product&#038;p=7511"},"modified":"2022-01-22T05:03:05","modified_gmt":"2022-01-22T04:03:05","slug":"prikljucki-za-hitro-spojko-camlock-ali-camlock-ventil","status":"publish","type":"product","link":"https:\/\/dev.ibcparts.eu\/de\/nakupujte\/reducirji-in-prikljucki-za-ibc\/camlock-prikljucki\/prikljucki-za-hitro-spojko-camlock-ali-camlock-ventil\/","title":{"rendered":"Anschl\u00fcsse f\u00fcr Schnellkupplung (Camlock) oder Camlock-Ventil"},"content":{"rendered":"<p><span style=\"font-size: large;\"><strong>Informationen zum Produkt:<\/strong><br \/>\nHochwertige Schnellkupplung oder Camlock.<\/span><\/p>\n<p>Bei Tanks mit Camlock-Ventil (in der Regel schwarz, das Ventil hat einen engen Hals vor dem Auslass - einen runden Stopfen, in der Regel mit einem Feingewinde von 63 mm fi.<br \/>\n\u200b<br \/>\nAuch zur Verwendung mit #166 (Schnellkupplung)<br \/>\nAuf diese Weise kann der Schlauch schnell, ohne Drehung und ohne Verschmutzung an- und abgekoppelt werden.<\/p>\n<p><strong>Abmessungen (Au\u00dfendurchmesser des Angusses):<\/strong><br \/>\n25mm (1\u2033),<br \/>\n38mm (1,5)\",<br \/>\n50mm (2\u2033).<br \/>\n\u200b<br \/>\n<strong>Material:\u00a0<\/strong>Kunststoffe<br \/>\n<strong>Farbe:<\/strong>\u00a0Schwarz<br \/>\n<strong>Gummidichtung<\/strong>\u00a0auf der Innenseite.<\/p>\n<p>Hervorragende Abdichtung und hohe Haltbarkeit!<\/p>\n<p><strong>Tipp:<\/strong><br \/>\nWenn Ihr Tank ein Camlock-Ventil hat, vergewissern Sie sich, dass die Wange des Tankventils (wo die Kupplung angebracht ist) glatt und unbesch\u00e4digt ist. Neue Tanks haben eine Aluminiumdichtung an der Ventil\u00f6ffnung - wenn diese nachl\u00e4ssig entfernt wird, kann dies die Ursache f\u00fcr eine schlechte Abdichtung sein. Eventuelle Unebenheiten am Ventil sollten vor der ersten Montage der Kupplung entfernt oder mit Schleifpapier abgeschliffen werden.<\/p>","protected":false},"excerpt":{"rendered":"<table class=\"simple-table style-top\">\n<tbody>\n<tr>\n<td class=\"cell\">\n<div class=\"paragraph\"><strong><span style=\"color: #508d24;\">Menge (St\u00fcck)<\/span><\/strong><\/div>\n<\/td>\n<td class=\"cell\">\n<div class=\"paragraph\"><strong><span style=\"color: #508d24;\">Preis\/St\u00fcck<\/span><\/strong><\/div>\n<\/td>\n<\/tr>\n<tr>\n<td class=\"cell\">\n<div class=\"paragraph\">1 oder 2<\/div>\n<\/td>\n<td class=\"cell\">\n<div class=\"paragraph\">13,50\u20ac<\/div>\n<\/td>\n<\/tr>\n<tr>\n<td class=\"cell\">\n<div class=\"paragraph\">3 bis 9<\/div>\n<\/td>\n<td class=\"cell\">\n<div class=\"paragraph\">11,50\u20ac<\/div>\n<\/td>\n<\/tr>\n<tr>\n<td class=\"cell\">\n<div class=\"paragraph\">10 oder mehr<\/div>\n<\/td>\n<td class=\"cell\">\n<div class=\"paragraph\">10,50\u20ac<\/div>\n<\/td>\n<\/tr>\n<\/tbody>\n<\/table>","protected":false},"featured_media":7512,"template":"","meta":[],"product_cat":[195],"product_tag":[],"yoast_head":"<!-- This site is optimized with the Yoast SEO plugin v19.1 - https:\/\/yoast.com\/wordpress\/plugins\/seo\/ -->\n<title>Priklju\u010dki za hitro spojko (camlock) ali camlock ventil | IBCparts.eu<\/title>\n<meta name=\"description\" content=\"Za cisterne s camlock ventilom (obi\u010dajno \u010drne barve, ventil ima pred izpustom ozji vrat - okrogel vtor, na izpustu je obicajno\" \/>\n<meta name=\"robots\" content=\"index, follow, max-snippet:-1, max-image-preview:large, max-video-preview:-1\" \/>\n<link rel=\"canonical\" href=\"https:\/\/dev.ibcparts.eu\/de\/nakupujte\/reducirji-in-prikljucki-za-ibc\/camlock-prikljucki\/prikljucki-za-hitro-spojko-camlock-ali-camlock-ventil\/\" \/>\n<meta property=\"og:locale\" content=\"de_DE\" \/>\n<meta property=\"og:type\" content=\"article\" \/>\n<meta property=\"og:title\" content=\"Priklju\u010dki za hitro spojko (camlock) ali camlock ventil | IBCparts.eu\" \/>\n<meta property=\"og:description\" content=\"Za cisterne s camlock ventilom (obi\u010dajno \u010drne barve, ventil ima pred izpustom ozji vrat - okrogel vtor, na izpustu je obicajno\" \/>\n<meta property=\"og:url\" content=\"https:\/\/dev.ibcparts.eu\/de\/nakupujte\/reducirji-in-prikljucki-za-ibc\/camlock-prikljucki\/prikljucki-za-hitro-spojko-camlock-ali-camlock-ventil\/\" \/>\n<meta property=\"og:site_name\" content=\"IBCparts.eu\" \/>\n<meta property=\"article:modified_time\" content=\"2022-01-22T04:03:05+00:00\" \/>\n<meta property=\"og:image\" content=\"https:\/\/dev.ibcparts.eu\/wp-content\/uploads\/2021\/11\/priklju-ek-za-hitro-spojko-25mm_orig.png\" \/>\n\t<meta property=\"og:image:width\" content=\"330\" \/>\n\t<meta property=\"og:image:height\" content=\"331\" \/>\n\t<meta property=\"og:image:type\" content=\"image\/png\" \/>\n<meta name=\"twitter:card\" content=\"summary_large_image\" \/>\n<meta name=\"twitter:label1\" content=\"Gesch\u00e4tzte Lesezeit\" \/>\n\t<meta name=\"twitter:data1\" content=\"1\u00a0Minute\" \/>\n<script type=\"application\/ld+json\" class=\"yoast-schema-graph\">{\"@context\":\"https:\/\/schema.org\",\"@graph\":[{\"@type\":\"Organization\",\"@id\":\"https:\/\/dev.ibcparts.eu\/#organization\",\"name\":\"IBCparts\",\"url\":\"https:\/\/dev.ibcparts.eu\/\",\"sameAs\":[],\"logo\":{\"@type\":\"ImageObject\",\"inLanguage\":\"de\",\"@id\":\"https:\/\/dev.ibcparts.eu\/#\/schema\/logo\/image\/\",\"url\":\"https:\/\/dev.ibcparts.eu\/wp-content\/uploads\/2021\/10\/Footer-Logo.png\",\"contentUrl\":\"https:\/\/dev.ibcparts.eu\/wp-content\/uploads\/2021\/10\/Footer-Logo.png\",\"width\":1992,\"height\":772,\"caption\":\"IBCparts\"},\"image\":{\"@id\":\"https:\/\/dev.ibcparts.eu\/#\/schema\/logo\/image\/\"}},{\"@type\":\"WebSite\",\"@id\":\"https:\/\/dev.ibcparts.eu\/#website\",\"url\":\"https:\/\/dev.ibcparts.eu\/\",\"name\":\"IBCparts.eu\",\"description\":\"\",\"publisher\":{\"@id\":\"https:\/\/dev.ibcparts.eu\/#organization\"},\"potentialAction\":[{\"@type\":\"SearchAction\",\"target\":{\"@type\":\"EntryPoint\",\"urlTemplate\":\"https:\/\/dev.ibcparts.eu\/?s={search_term_string}\"},\"query-input\":\"required name=search_term_string\"}],\"inLanguage\":\"de\"},{\"@type\":\"ImageObject\",\"inLanguage\":\"de\",\"@id\":\"https:\/\/dev.ibcparts.eu\/it\/nakupujte\/reducirji-in-prikljucki-za-ibc\/camlock-prikljucki\/prikljucki-za-hitro-spojko-camlock-ali-camlock-ventil\/#primaryimage\",\"url\":\"https:\/\/dev.ibcparts.eu\/wp-content\/uploads\/2021\/11\/priklju-ek-za-hitro-spojko-25mm_orig.png\",\"contentUrl\":\"https:\/\/dev.ibcparts.eu\/wp-content\/uploads\/2021\/11\/priklju-ek-za-hitro-spojko-25mm_orig.png\",\"width\":330,\"height\":331,\"caption\":\"priklju-ek-za-hitro-spojko-25mm_orig\"},{\"@type\":\"WebPage\",\"@id\":\"https:\/\/dev.ibcparts.eu\/it\/nakupujte\/reducirji-in-prikljucki-za-ibc\/camlock-prikljucki\/prikljucki-za-hitro-spojko-camlock-ali-camlock-ventil\/#webpage\",\"url\":\"https:\/\/dev.ibcparts.eu\/it\/nakupujte\/reducirji-in-prikljucki-za-ibc\/camlock-prikljucki\/prikljucki-za-hitro-spojko-camlock-ali-camlock-ventil\/\",\"name\":\"Priklju\u010dki za hitro spojko (camlock) ali camlock ventil | IBCparts.eu\",\"isPartOf\":{\"@id\":\"https:\/\/dev.ibcparts.eu\/#website\"},\"primaryImageOfPage\":{\"@id\":\"https:\/\/dev.ibcparts.eu\/it\/nakupujte\/reducirji-in-prikljucki-za-ibc\/camlock-prikljucki\/prikljucki-za-hitro-spojko-camlock-ali-camlock-ventil\/#primaryimage\"},\"datePublished\":\"2021-11-09T14:39:26+00:00\",\"dateModified\":\"2022-01-22T04:03:05+00:00\",\"description\":\"Za cisterne s camlock ventilom (obi\u010dajno \u010drne barve, ventil ima pred izpustom ozji vrat - okrogel vtor, na izpustu je obicajno\",\"breadcrumb\":{\"@id\":\"https:\/\/dev.ibcparts.eu\/it\/nakupujte\/reducirji-in-prikljucki-za-ibc\/camlock-prikljucki\/prikljucki-za-hitro-spojko-camlock-ali-camlock-ventil\/#breadcrumb\"},\"inLanguage\":\"de\",\"potentialAction\":[{\"@type\":\"ReadAction\",\"target\":[\"https:\/\/dev.ibcparts.eu\/it\/nakupujte\/reducirji-in-prikljucki-za-ibc\/camlock-prikljucki\/prikljucki-za-hitro-spojko-camlock-ali-camlock-ventil\/\"]}]},{\"@type\":\"BreadcrumbList\",\"@id\":\"https:\/\/dev.ibcparts.eu\/it\/nakupujte\/reducirji-in-prikljucki-za-ibc\/camlock-prikljucki\/prikljucki-za-hitro-spojko-camlock-ali-camlock-ventil\/#breadcrumb\",\"itemListElement\":[{\"@type\":\"ListItem\",\"position\":1,\"name\":\"Home\",\"item\":\"https:\/\/dev.ibcparts.eu\/\"},{\"@type\":\"ListItem\",\"position\":2,\"name\":\"Nakupujte\",\"item\":\"https:\/\/dev.ibcparts.eu\/nakupujte\/\"},{\"@type\":\"ListItem\",\"position\":3,\"name\":\"Priklju\u010dki za hitro spojko (camlock) ali camlock ventil\"}]}]}<\/script>\n<!-- \/ Yoast SEO plugin. -->","yoast_head_json":{"title":"Priklju\u010dki za hitro spojko (camlock) ali camlock ventil | IBCparts.eu","description":"Za cisterne s camlock ventilom (obi\u010dajno \u010drne barve, ventil ima pred izpustom ozji vrat - okrogel vtor, na izpustu je obicajno","robots":{"index":"index","follow":"follow","max-snippet":"max-snippet:-1","max-image-preview":"max-image-preview:large","max-video-preview":"max-video-preview:-1"},"canonical":"https:\/\/dev.ibcparts.eu\/de\/nakupujte\/reducirji-in-prikljucki-za-ibc\/camlock-prikljucki\/prikljucki-za-hitro-spojko-camlock-ali-camlock-ventil\/","og_locale":"de_DE","og_type":"article","og_title":"Priklju\u010dki za hitro spojko (camlock) ali camlock ventil | IBCparts.eu","og_description":"Za cisterne s camlock ventilom (obi\u010dajno \u010drne barve, ventil ima pred izpustom ozji vrat - okrogel vtor, na izpustu je obicajno","og_url":"https:\/\/dev.ibcparts.eu\/de\/nakupujte\/reducirji-in-prikljucki-za-ibc\/camlock-prikljucki\/prikljucki-za-hitro-spojko-camlock-ali-camlock-ventil\/","og_site_name":"IBCparts.eu","article_modified_time":"2022-01-22T04:03:05+00:00","og_image":[{"width":330,"height":331,"url":"https:\/\/dev.ibcparts.eu\/wp-content\/uploads\/2021\/11\/priklju-ek-za-hitro-spojko-25mm_orig.png","type":"image\/png"}],"twitter_card":"summary_large_image","twitter_misc":{"Gesch\u00e4tzte Lesezeit":"1\u00a0Minute"},"schema":{"@context":"https:\/\/schema.org","@graph":[{"@type":"Organization","@id":"https:\/\/dev.ibcparts.eu\/#organization","name":"IBCparts","url":"https:\/\/dev.ibcparts.eu\/","sameAs":[],"logo":{"@type":"ImageObject","inLanguage":"de","@id":"https:\/\/dev.ibcparts.eu\/#\/schema\/logo\/image\/","url":"https:\/\/dev.ibcparts.eu\/wp-content\/uploads\/2021\/10\/Footer-Logo.png","contentUrl":"https:\/\/dev.ibcparts.eu\/wp-content\/uploads\/2021\/10\/Footer-Logo.png","width":1992,"height":772,"caption":"IBCparts"},"image":{"@id":"https:\/\/dev.ibcparts.eu\/#\/schema\/logo\/image\/"}},{"@type":"WebSite","@id":"https:\/\/dev.ibcparts.eu\/#website","url":"https:\/\/dev.ibcparts.eu\/","name":"IBCparts.eu","description":"","publisher":{"@id":"https:\/\/dev.ibcparts.eu\/#organization"},"potentialAction":[{"@type":"SearchAction","target":{"@type":"EntryPoint","urlTemplate":"https:\/\/dev.ibcparts.eu\/?s={search_term_string}"},"query-input":"required name=search_term_string"}],"inLanguage":"de"},{"@type":"ImageObject","inLanguage":"de","@id":"https:\/\/dev.ibcparts.eu\/it\/nakupujte\/reducirji-in-prikljucki-za-ibc\/camlock-prikljucki\/prikljucki-za-hitro-spojko-camlock-ali-camlock-ventil\/#primaryimage","url":"https:\/\/dev.ibcparts.eu\/wp-content\/uploads\/2021\/11\/priklju-ek-za-hitro-spojko-25mm_orig.png","contentUrl":"https:\/\/dev.ibcparts.eu\/wp-content\/uploads\/2021\/11\/priklju-ek-za-hitro-spojko-25mm_orig.png","width":330,"height":331,"caption":"priklju-ek-za-hitro-spojko-25mm_orig"},{"@type":"WebPage","@id":"https:\/\/dev.ibcparts.eu\/it\/nakupujte\/reducirji-in-prikljucki-za-ibc\/camlock-prikljucki\/prikljucki-za-hitro-spojko-camlock-ali-camlock-ventil\/#webpage","url":"https:\/\/dev.ibcparts.eu\/it\/nakupujte\/reducirji-in-prikljucki-za-ibc\/camlock-prikljucki\/prikljucki-za-hitro-spojko-camlock-ali-camlock-ventil\/","name":"Priklju\u010dki za hitro spojko (camlock) ali camlock ventil | IBCparts.eu","isPartOf":{"@id":"https:\/\/dev.ibcparts.eu\/#website"},"primaryImageOfPage":{"@id":"https:\/\/dev.ibcparts.eu\/it\/nakupujte\/reducirji-in-prikljucki-za-ibc\/camlock-prikljucki\/prikljucki-za-hitro-spojko-camlock-ali-camlock-ventil\/#primaryimage"},"datePublished":"2021-11-09T14:39:26+00:00","dateModified":"2022-01-22T04:03:05+00:00","description":"Za cisterne s camlock ventilom (obi\u010dajno \u010drne barve, ventil ima pred izpustom ozji vrat - okrogel vtor, na izpustu je obicajno","breadcrumb":{"@id":"https:\/\/dev.ibcparts.eu\/it\/nakupujte\/reducirji-in-prikljucki-za-ibc\/camlock-prikljucki\/prikljucki-za-hitro-spojko-camlock-ali-camlock-ventil\/#breadcrumb"},"inLanguage":"de","potentialAction":[{"@type":"ReadAction","target":["https:\/\/dev.ibcparts.eu\/it\/nakupujte\/reducirji-in-prikljucki-za-ibc\/camlock-prikljucki\/prikljucki-za-hitro-spojko-camlock-ali-camlock-ventil\/"]}]},{"@type":"BreadcrumbList","@id":"https:\/\/dev.ibcparts.eu\/it\/nakupujte\/reducirji-in-prikljucki-za-ibc\/camlock-prikljucki\/prikljucki-za-hitro-spojko-camlock-ali-camlock-ventil\/#breadcrumb","itemListElement":[{"@type":"ListItem","position":1,"name":"Home","item":"https:\/\/dev.ibcparts.eu\/"},{"@type":"ListItem","position":2,"name":"Nakupujte","item":"https:\/\/dev.ibcparts.eu\/nakupujte\/"},{"@type":"ListItem","position":3,"name":"Priklju\u010dki za hitro spojko (camlock) ali camlock ventil"}]}]}},"_links":{"self":[{"href":"https:\/\/dev.ibcparts.eu\/de\/wp-json\/wp\/v2\/product\/7511"}],"collection":[{"href":"https:\/\/dev.ibcparts.eu\/de\/wp-json\/wp\/v2\/product"}],"about":[{"href":"https:\/\/dev.ibcparts.eu\/de\/wp-json\/wp\/v2\/types\/product"}],"version-history":[{"count":0,"href":"https:\/\/dev.ibcparts.eu\/de\/wp-json\/wp\/v2\/product\/7511\/revisions"}],"wp:featuredmedia":[{"embeddable":true,"href":"https:\/\/dev.ibcparts.eu\/de\/wp-json\/wp\/v2\/media\/7512"}],"wp:attachment":[{"href":"https:\/\/dev.ibcparts.eu\/de\/wp-json\/wp\/v2\/media?parent=7511"}],"wp:term":[{"taxonomy":"product_cat","embeddable":true,"href":"https:\/\/dev.ibcparts.eu\/de\/wp-json\/wp\/v2\/product_cat?post=7511"},{"taxonomy":"product_tag","embeddable":true,"href":"https:\/\/dev.ibcparts.eu\/de\/wp-json\/wp\/v2\/product_tag?post=7511"}],"curies":[{"name":"wp","href":"https:\/\/api.w.org\/{rel}","templated":true}]}}