{"id":8196,"date":"2021-12-11T13:26:27","date_gmt":"2021-12-11T12:26:27","guid":{"rendered":"https:\/\/dev.ibcparts.eu\/?post_type=product&#038;p=8196"},"modified":"2022-02-14T13:31:59","modified_gmt":"2022-02-14T12:31:59","slug":"quick-joint-skozniki","status":"publish","type":"product","link":"https:\/\/dev.ibcparts.eu\/de\/nakupujte\/skozniki\/quick-joint-skozniki\/","title":{"rendered":"Quick Joint Jumper"},"content":{"rendered":"<div data-elementor-type=\"product-post\" data-elementor-id=\"8196\" class=\"elementor elementor-8196\">\n\t\t\t\t\t\t<div class=\"elementor-inner\">\n\t\t\t\t<div class=\"elementor-section-wrap\">\n\t\t\t\t\t\t\t\t\t<section class=\"elementor-section elementor-top-section elementor-element elementor-element-c6184e2 elementor-section-boxed elementor-section-height-default elementor-section-height-default wd-section-disabled\" data-id=\"c6184e2\" data-element_type=\"section\">\n\t\t\t\t\t\t<div class=\"elementor-container elementor-column-gap-default\">\n\t\t\t\t\t\t\t<div class=\"elementor-row\">\n\t\t\t\t\t<div class=\"elementor-column elementor-col-100 elementor-top-column elementor-element elementor-element-9e287ed\" data-id=\"9e287ed\" data-element_type=\"column\">\n\t\t\t<div class=\"elementor-column-wrap elementor-element-populated\">\n\t\t\t\t\t\t\t<div class=\"elementor-widget-wrap\">\n\t\t\t\t\t\t<div class=\"elementor-element elementor-element-bd9d661 elementor-aspect-ratio-169 elementor-widget elementor-widget-video\" data-id=\"bd9d661\" data-element_type=\"widget\" data-settings=\"{&quot;youtube_url&quot;:&quot;https:\\\/\\\/youtu.be\\\/UBwn2sVudR4&quot;,&quot;video_type&quot;:&quot;youtube&quot;,&quot;controls&quot;:&quot;yes&quot;,&quot;aspect_ratio&quot;:&quot;169&quot;}\" data-widget_type=\"video.default\">\n\t\t\t\t<div class=\"elementor-widget-container\">\n\t\t\t\t\t<div class=\"elementor-wrapper elementor-fit-aspect-ratio elementor-open-inline\">\n\t\t\t<div class=\"elementor-video\"><\/div>\t\t<\/div>\n\t\t\t\t<\/div>\n\t\t\t\t<\/div>\n\t\t\t\t\t\t<\/div>\n\t\t\t\t\t<\/div>\n\t\t<\/div>\n\t\t\t\t\t\t\t\t<\/div>\n\t\t\t\t\t<\/div>\n\t\t<\/section>\n\t\t\t\t\t\t\t\t\t<\/div>\n\t\t\t<\/div>\n\t\t\t\t\t<\/div>","protected":false},"excerpt":{"rendered":"<p><span style=\"font-size: large;\"><strong>Informationen zum Produkt:<\/strong><\/span><\/p>\n<p>Ausgezeichneter, patentierter St\u00f6\u00dfel, zus\u00e4tzlicher Auslass, Gewindebuchse.<\/p>\n<p>Ein Loch mit entsprechendem Durchmesser bohren, einsetzen und einschrauben.<br \/>\n<strong>Machen Sie alles VON AUSSEN.<\/strong><br \/>\nSchnell und einfach. Sie hat\u00a0<strong>Au\u00dfen- und Innengewinde.<\/strong><\/p>\n<p><strong>Material:\u00a0<\/strong>Kunststoffe<br \/>\n<strong>Farbe:\u00a0<\/strong>Schwarz<br \/>\n<strong>Dichtung<\/strong>\u00a0EPDM-Gummi.<\/p>\n<p>Hervorragende Abdichtung und ausgezeichnete Haltbarkeit!<\/p>\n<p><strong>Optionen:\u00a0<\/strong>(Au\u00dfengewinde x Innengewinde)<\/p>\n<ul>\n<li><strong>3\/4\u2033 x 1\/2\u2033<\/strong><\/li>\n<li><strong>1 1\/4\u2033 x 1\u2033<\/strong><\/li>\n<li><strong>1\u2033x 3\/4\u2033<\/strong><\/li>\n<li><strong>2\u2033 x 1 1\/2\u2033<\/strong><\/li>\n<\/ul>","protected":false},"featured_media":8197,"template":"","meta":[],"product_cat":[178],"product_tag":[],"yoast_head":"<!-- This site is optimized with the Yoast SEO plugin v19.1 - https:\/\/yoast.com\/wordpress\/plugins\/seo\/ -->\n<title>Quick Joint skozniki | IBCparts.eu<\/title>\n<meta name=\"description\" content=\"Odli\u010den, patentiran skoznik, dodaten izhod, pu\u0161a z navojem.Izvrtate luknjo z ustreznim premerom, vstavite in privija\u010dite.Vse opravite Z ZUNANJE STRANI.\" \/>\n<meta name=\"robots\" content=\"index, follow, max-snippet:-1, max-image-preview:large, max-video-preview:-1\" \/>\n<link rel=\"canonical\" href=\"https:\/\/dev.ibcparts.eu\/de\/nakupujte\/skozniki\/quick-joint-skozniki\/\" \/>\n<meta property=\"og:locale\" content=\"de_DE\" \/>\n<meta property=\"og:type\" content=\"article\" \/>\n<meta property=\"og:title\" content=\"Quick Joint skozniki | IBCparts.eu\" \/>\n<meta property=\"og:description\" content=\"Odli\u010den, patentiran skoznik, dodaten izhod, pu\u0161a z navojem.Izvrtate luknjo z ustreznim premerom, vstavite in privija\u010dite.Vse opravite Z ZUNANJE STRANI.\" \/>\n<meta property=\"og:url\" content=\"https:\/\/dev.ibcparts.eu\/de\/nakupujte\/skozniki\/quick-joint-skozniki\/\" \/>\n<meta property=\"og:site_name\" content=\"IBCparts.eu\" \/>\n<meta property=\"article:modified_time\" content=\"2022-02-14T12:31:59+00:00\" \/>\n<meta property=\"og:image\" content=\"https:\/\/dev.ibcparts.eu\/wp-content\/uploads\/2021\/12\/qj4_orig.jpg\" \/>\n\t<meta property=\"og:image:width\" content=\"590\" \/>\n\t<meta property=\"og:image:height\" content=\"590\" \/>\n\t<meta property=\"og:image:type\" content=\"image\/jpeg\" \/>\n<meta name=\"twitter:card\" content=\"summary_large_image\" \/>\n<script type=\"application\/ld+json\" class=\"yoast-schema-graph\">{\"@context\":\"https:\/\/schema.org\",\"@graph\":[{\"@type\":\"Organization\",\"@id\":\"https:\/\/dev.ibcparts.eu\/#organization\",\"name\":\"IBCparts\",\"url\":\"https:\/\/dev.ibcparts.eu\/\",\"sameAs\":[],\"logo\":{\"@type\":\"ImageObject\",\"inLanguage\":\"de\",\"@id\":\"https:\/\/dev.ibcparts.eu\/#\/schema\/logo\/image\/\",\"url\":\"https:\/\/dev.ibcparts.eu\/wp-content\/uploads\/2021\/10\/Footer-Logo.png\",\"contentUrl\":\"https:\/\/dev.ibcparts.eu\/wp-content\/uploads\/2021\/10\/Footer-Logo.png\",\"width\":1992,\"height\":772,\"caption\":\"IBCparts\"},\"image\":{\"@id\":\"https:\/\/dev.ibcparts.eu\/#\/schema\/logo\/image\/\"}},{\"@type\":\"WebSite\",\"@id\":\"https:\/\/dev.ibcparts.eu\/#website\",\"url\":\"https:\/\/dev.ibcparts.eu\/\",\"name\":\"IBCparts.eu\",\"description\":\"\",\"publisher\":{\"@id\":\"https:\/\/dev.ibcparts.eu\/#organization\"},\"potentialAction\":[{\"@type\":\"SearchAction\",\"target\":{\"@type\":\"EntryPoint\",\"urlTemplate\":\"https:\/\/dev.ibcparts.eu\/?s={search_term_string}\"},\"query-input\":\"required name=search_term_string\"}],\"inLanguage\":\"de\"},{\"@type\":\"ImageObject\",\"inLanguage\":\"de\",\"@id\":\"https:\/\/dev.ibcparts.eu\/en\/nakupujte\/skozniki\/quick-joint-skozniki\/#primaryimage\",\"url\":\"https:\/\/dev.ibcparts.eu\/wp-content\/uploads\/2021\/12\/qj4_orig.jpg\",\"contentUrl\":\"https:\/\/dev.ibcparts.eu\/wp-content\/uploads\/2021\/12\/qj4_orig.jpg\",\"width\":590,\"height\":590,\"caption\":\"qj4_orig\"},{\"@type\":\"WebPage\",\"@id\":\"https:\/\/dev.ibcparts.eu\/en\/nakupujte\/skozniki\/quick-joint-skozniki\/#webpage\",\"url\":\"https:\/\/dev.ibcparts.eu\/en\/nakupujte\/skozniki\/quick-joint-skozniki\/\",\"name\":\"Quick Joint skozniki | IBCparts.eu\",\"isPartOf\":{\"@id\":\"https:\/\/dev.ibcparts.eu\/#website\"},\"primaryImageOfPage\":{\"@id\":\"https:\/\/dev.ibcparts.eu\/en\/nakupujte\/skozniki\/quick-joint-skozniki\/#primaryimage\"},\"datePublished\":\"2021-12-11T12:26:27+00:00\",\"dateModified\":\"2022-02-14T12:31:59+00:00\",\"description\":\"Odli\u010den, patentiran skoznik, dodaten izhod, pu\u0161a z navojem.Izvrtate luknjo z ustreznim premerom, vstavite in privija\u010dite.Vse opravite Z ZUNANJE STRANI.\",\"breadcrumb\":{\"@id\":\"https:\/\/dev.ibcparts.eu\/en\/nakupujte\/skozniki\/quick-joint-skozniki\/#breadcrumb\"},\"inLanguage\":\"de\",\"potentialAction\":[{\"@type\":\"ReadAction\",\"target\":[\"https:\/\/dev.ibcparts.eu\/en\/nakupujte\/skozniki\/quick-joint-skozniki\/\"]}]},{\"@type\":\"BreadcrumbList\",\"@id\":\"https:\/\/dev.ibcparts.eu\/en\/nakupujte\/skozniki\/quick-joint-skozniki\/#breadcrumb\",\"itemListElement\":[{\"@type\":\"ListItem\",\"position\":1,\"name\":\"Home\",\"item\":\"https:\/\/dev.ibcparts.eu\/\"},{\"@type\":\"ListItem\",\"position\":2,\"name\":\"Nakupujte\",\"item\":\"https:\/\/dev.ibcparts.eu\/nakupujte\/\"},{\"@type\":\"ListItem\",\"position\":3,\"name\":\"Quick Joint skozniki\"}]}]}<\/script>\n<!-- \/ Yoast SEO plugin. -->","yoast_head_json":{"title":"Quick Joint skozniki | IBCparts.eu","description":"Odli\u010den, patentiran skoznik, dodaten izhod, pu\u0161a z navojem.Izvrtate luknjo z ustreznim premerom, vstavite in privija\u010dite.Vse opravite Z ZUNANJE STRANI.","robots":{"index":"index","follow":"follow","max-snippet":"max-snippet:-1","max-image-preview":"max-image-preview:large","max-video-preview":"max-video-preview:-1"},"canonical":"https:\/\/dev.ibcparts.eu\/de\/nakupujte\/skozniki\/quick-joint-skozniki\/","og_locale":"de_DE","og_type":"article","og_title":"Quick Joint skozniki | IBCparts.eu","og_description":"Odli\u010den, patentiran skoznik, dodaten izhod, pu\u0161a z navojem.Izvrtate luknjo z ustreznim premerom, vstavite in privija\u010dite.Vse opravite Z ZUNANJE STRANI.","og_url":"https:\/\/dev.ibcparts.eu\/de\/nakupujte\/skozniki\/quick-joint-skozniki\/","og_site_name":"IBCparts.eu","article_modified_time":"2022-02-14T12:31:59+00:00","og_image":[{"width":590,"height":590,"url":"https:\/\/dev.ibcparts.eu\/wp-content\/uploads\/2021\/12\/qj4_orig.jpg","type":"image\/jpeg"}],"twitter_card":"summary_large_image","schema":{"@context":"https:\/\/schema.org","@graph":[{"@type":"Organization","@id":"https:\/\/dev.ibcparts.eu\/#organization","name":"IBCparts","url":"https:\/\/dev.ibcparts.eu\/","sameAs":[],"logo":{"@type":"ImageObject","inLanguage":"de","@id":"https:\/\/dev.ibcparts.eu\/#\/schema\/logo\/image\/","url":"https:\/\/dev.ibcparts.eu\/wp-content\/uploads\/2021\/10\/Footer-Logo.png","contentUrl":"https:\/\/dev.ibcparts.eu\/wp-content\/uploads\/2021\/10\/Footer-Logo.png","width":1992,"height":772,"caption":"IBCparts"},"image":{"@id":"https:\/\/dev.ibcparts.eu\/#\/schema\/logo\/image\/"}},{"@type":"WebSite","@id":"https:\/\/dev.ibcparts.eu\/#website","url":"https:\/\/dev.ibcparts.eu\/","name":"IBCparts.eu","description":"","publisher":{"@id":"https:\/\/dev.ibcparts.eu\/#organization"},"potentialAction":[{"@type":"SearchAction","target":{"@type":"EntryPoint","urlTemplate":"https:\/\/dev.ibcparts.eu\/?s={search_term_string}"},"query-input":"required name=search_term_string"}],"inLanguage":"de"},{"@type":"ImageObject","inLanguage":"de","@id":"https:\/\/dev.ibcparts.eu\/en\/nakupujte\/skozniki\/quick-joint-skozniki\/#primaryimage","url":"https:\/\/dev.ibcparts.eu\/wp-content\/uploads\/2021\/12\/qj4_orig.jpg","contentUrl":"https:\/\/dev.ibcparts.eu\/wp-content\/uploads\/2021\/12\/qj4_orig.jpg","width":590,"height":590,"caption":"qj4_orig"},{"@type":"WebPage","@id":"https:\/\/dev.ibcparts.eu\/en\/nakupujte\/skozniki\/quick-joint-skozniki\/#webpage","url":"https:\/\/dev.ibcparts.eu\/en\/nakupujte\/skozniki\/quick-joint-skozniki\/","name":"Quick Joint skozniki | IBCparts.eu","isPartOf":{"@id":"https:\/\/dev.ibcparts.eu\/#website"},"primaryImageOfPage":{"@id":"https:\/\/dev.ibcparts.eu\/en\/nakupujte\/skozniki\/quick-joint-skozniki\/#primaryimage"},"datePublished":"2021-12-11T12:26:27+00:00","dateModified":"2022-02-14T12:31:59+00:00","description":"Odli\u010den, patentiran skoznik, dodaten izhod, pu\u0161a z navojem.Izvrtate luknjo z ustreznim premerom, vstavite in privija\u010dite.Vse opravite Z ZUNANJE STRANI.","breadcrumb":{"@id":"https:\/\/dev.ibcparts.eu\/en\/nakupujte\/skozniki\/quick-joint-skozniki\/#breadcrumb"},"inLanguage":"de","potentialAction":[{"@type":"ReadAction","target":["https:\/\/dev.ibcparts.eu\/en\/nakupujte\/skozniki\/quick-joint-skozniki\/"]}]},{"@type":"BreadcrumbList","@id":"https:\/\/dev.ibcparts.eu\/en\/nakupujte\/skozniki\/quick-joint-skozniki\/#breadcrumb","itemListElement":[{"@type":"ListItem","position":1,"name":"Home","item":"https:\/\/dev.ibcparts.eu\/"},{"@type":"ListItem","position":2,"name":"Nakupujte","item":"https:\/\/dev.ibcparts.eu\/nakupujte\/"},{"@type":"ListItem","position":3,"name":"Quick Joint skozniki"}]}]}},"_links":{"self":[{"href":"https:\/\/dev.ibcparts.eu\/de\/wp-json\/wp\/v2\/product\/8196"}],"collection":[{"href":"https:\/\/dev.ibcparts.eu\/de\/wp-json\/wp\/v2\/product"}],"about":[{"href":"https:\/\/dev.ibcparts.eu\/de\/wp-json\/wp\/v2\/types\/product"}],"version-history":[{"count":0,"href":"https:\/\/dev.ibcparts.eu\/de\/wp-json\/wp\/v2\/product\/8196\/revisions"}],"wp:featuredmedia":[{"embeddable":true,"href":"https:\/\/dev.ibcparts.eu\/de\/wp-json\/wp\/v2\/media\/8197"}],"wp:attachment":[{"href":"https:\/\/dev.ibcparts.eu\/de\/wp-json\/wp\/v2\/media?parent=8196"}],"wp:term":[{"taxonomy":"product_cat","embeddable":true,"href":"https:\/\/dev.ibcparts.eu\/de\/wp-json\/wp\/v2\/product_cat?post=8196"},{"taxonomy":"product_tag","embeddable":true,"href":"https:\/\/dev.ibcparts.eu\/de\/wp-json\/wp\/v2\/product_tag?post=8196"}],"curies":[{"name":"wp","href":"https:\/\/api.w.org\/{rel}","templated":true}]}}