{"id":6695,"date":"2021-10-18T09:29:00","date_gmt":"2021-10-18T08:29:00","guid":{"rendered":"https:\/\/dev.ibcparts.eu\/?post_type=product&#038;p=6695"},"modified":"2022-01-22T08:34:26","modified_gmt":"2022-01-22T07:34:26","slug":"dodaten-izhod-skoznik-ht50","status":"publish","type":"product","link":"https:\/\/dev.ibcparts.eu\/en\/nakupujte\/skozniki\/dodaten-izhod-skoznik-ht50\/","title":{"rendered":"Additional HT50 outlet\/trunk"},"content":{"rendered":"","protected":false},"excerpt":{"rendered":"<p>Suitable for most hoses with an outer diameter of 50mm. Tested with waste water hose (plastic grey or orange), rubber reinforcement and alkatene hose.<br \/>\nThe 2\u2033 adapter on the other side seals the opening of the diameter<br \/>\n58 - 73mm<\/p>","protected":false},"featured_media":6696,"template":"","meta":[],"product_cat":[178],"product_tag":[],"yoast_head":"<!-- This site is optimized with the Yoast SEO plugin v19.1 - https:\/\/yoast.com\/wordpress\/plugins\/seo\/ -->\n<title>Dodaten izhod\/skoznik HT50 | IBCparts.eu<\/title>\n<meta name=\"description\" content=\"Primeren za ve\u010dino cevi z zunanjim premerom 50mm. Preverjeno s cevjo za odpadne vode (plasti\u010dna siva ali oran\u017ena), gumijasto armirano\" \/>\n<meta name=\"robots\" content=\"index, follow, max-snippet:-1, max-image-preview:large, max-video-preview:-1\" \/>\n<link rel=\"canonical\" href=\"https:\/\/dev.ibcparts.eu\/en\/nakupujte\/skozniki\/dodaten-izhod-skoznik-ht50\/\" \/>\n<meta property=\"og:locale\" content=\"en_US\" \/>\n<meta property=\"og:type\" content=\"article\" \/>\n<meta property=\"og:title\" content=\"Dodaten izhod\/skoznik HT50 | IBCparts.eu\" \/>\n<meta property=\"og:description\" content=\"Primeren za ve\u010dino cevi z zunanjim premerom 50mm. Preverjeno s cevjo za odpadne vode (plasti\u010dna siva ali oran\u017ena), gumijasto armirano\" \/>\n<meta property=\"og:url\" content=\"https:\/\/dev.ibcparts.eu\/en\/nakupujte\/skozniki\/dodaten-izhod-skoznik-ht50\/\" \/>\n<meta property=\"og:site_name\" content=\"IBCparts.eu\" \/>\n<meta property=\"article:modified_time\" content=\"2022-01-22T07:34:26+00:00\" \/>\n<meta property=\"og:image\" content=\"https:\/\/dev.ibcparts.eu\/wp-content\/uploads\/2021\/10\/dodaten-izhod-iz-cisterne-ht50-orig_orig.jpg\" \/>\n\t<meta property=\"og:image:width\" content=\"591\" \/>\n\t<meta property=\"og:image:height\" content=\"591\" \/>\n\t<meta property=\"og:image:type\" content=\"image\/jpeg\" \/>\n<meta name=\"twitter:card\" content=\"summary_large_image\" \/>\n<script type=\"application\/ld+json\" class=\"yoast-schema-graph\">{\"@context\":\"https:\/\/schema.org\",\"@graph\":[{\"@type\":\"Organization\",\"@id\":\"https:\/\/dev.ibcparts.eu\/#organization\",\"name\":\"IBCparts\",\"url\":\"https:\/\/dev.ibcparts.eu\/\",\"sameAs\":[],\"logo\":{\"@type\":\"ImageObject\",\"inLanguage\":\"en-US\",\"@id\":\"https:\/\/dev.ibcparts.eu\/#\/schema\/logo\/image\/\",\"url\":\"https:\/\/dev.ibcparts.eu\/wp-content\/uploads\/2021\/10\/Footer-Logo.png\",\"contentUrl\":\"https:\/\/dev.ibcparts.eu\/wp-content\/uploads\/2021\/10\/Footer-Logo.png\",\"width\":1992,\"height\":772,\"caption\":\"IBCparts\"},\"image\":{\"@id\":\"https:\/\/dev.ibcparts.eu\/#\/schema\/logo\/image\/\"}},{\"@type\":\"WebSite\",\"@id\":\"https:\/\/dev.ibcparts.eu\/#website\",\"url\":\"https:\/\/dev.ibcparts.eu\/\",\"name\":\"IBCparts.eu\",\"description\":\"\",\"publisher\":{\"@id\":\"https:\/\/dev.ibcparts.eu\/#organization\"},\"potentialAction\":[{\"@type\":\"SearchAction\",\"target\":{\"@type\":\"EntryPoint\",\"urlTemplate\":\"https:\/\/dev.ibcparts.eu\/?s={search_term_string}\"},\"query-input\":\"required name=search_term_string\"}],\"inLanguage\":\"en-US\"},{\"@type\":\"ImageObject\",\"inLanguage\":\"en-US\",\"@id\":\"https:\/\/dev.ibcparts.eu\/de\/nakupujte\/skozniki\/dodaten-izhod-skoznik-ht50\/#primaryimage\",\"url\":\"https:\/\/dev.ibcparts.eu\/wp-content\/uploads\/2021\/10\/dodaten-izhod-iz-cisterne-ht50-orig_orig.jpg\",\"contentUrl\":\"https:\/\/dev.ibcparts.eu\/wp-content\/uploads\/2021\/10\/dodaten-izhod-iz-cisterne-ht50-orig_orig.jpg\",\"width\":591,\"height\":591,\"caption\":\"dodaten-izhod-iz-cisterne-ht50-orig_orig\"},{\"@type\":\"WebPage\",\"@id\":\"https:\/\/dev.ibcparts.eu\/de\/nakupujte\/skozniki\/dodaten-izhod-skoznik-ht50\/#webpage\",\"url\":\"https:\/\/dev.ibcparts.eu\/de\/nakupujte\/skozniki\/dodaten-izhod-skoznik-ht50\/\",\"name\":\"Dodaten izhod\/skoznik HT50 | IBCparts.eu\",\"isPartOf\":{\"@id\":\"https:\/\/dev.ibcparts.eu\/#website\"},\"primaryImageOfPage\":{\"@id\":\"https:\/\/dev.ibcparts.eu\/de\/nakupujte\/skozniki\/dodaten-izhod-skoznik-ht50\/#primaryimage\"},\"datePublished\":\"2021-10-18T08:29:00+00:00\",\"dateModified\":\"2022-01-22T07:34:26+00:00\",\"description\":\"Primeren za ve\u010dino cevi z zunanjim premerom 50mm. Preverjeno s cevjo za odpadne vode (plasti\u010dna siva ali oran\u017ena), gumijasto armirano\",\"breadcrumb\":{\"@id\":\"https:\/\/dev.ibcparts.eu\/de\/nakupujte\/skozniki\/dodaten-izhod-skoznik-ht50\/#breadcrumb\"},\"inLanguage\":\"en-US\",\"potentialAction\":[{\"@type\":\"ReadAction\",\"target\":[\"https:\/\/dev.ibcparts.eu\/de\/nakupujte\/skozniki\/dodaten-izhod-skoznik-ht50\/\"]}]},{\"@type\":\"BreadcrumbList\",\"@id\":\"https:\/\/dev.ibcparts.eu\/de\/nakupujte\/skozniki\/dodaten-izhod-skoznik-ht50\/#breadcrumb\",\"itemListElement\":[{\"@type\":\"ListItem\",\"position\":1,\"name\":\"Home\",\"item\":\"https:\/\/dev.ibcparts.eu\/\"},{\"@type\":\"ListItem\",\"position\":2,\"name\":\"Nakupujte\",\"item\":\"https:\/\/dev.ibcparts.eu\/nakupujte\/\"},{\"@type\":\"ListItem\",\"position\":3,\"name\":\"Dodaten izhod\/skoznik HT50\"}]}]}<\/script>\n<!-- \/ Yoast SEO plugin. -->","yoast_head_json":{"title":"Dodaten izhod\/skoznik HT50 | IBCparts.eu","description":"Primeren za ve\u010dino cevi z zunanjim premerom 50mm. Preverjeno s cevjo za odpadne vode (plasti\u010dna siva ali oran\u017ena), gumijasto armirano","robots":{"index":"index","follow":"follow","max-snippet":"max-snippet:-1","max-image-preview":"max-image-preview:large","max-video-preview":"max-video-preview:-1"},"canonical":"https:\/\/dev.ibcparts.eu\/en\/nakupujte\/skozniki\/dodaten-izhod-skoznik-ht50\/","og_locale":"en_US","og_type":"article","og_title":"Dodaten izhod\/skoznik HT50 | IBCparts.eu","og_description":"Primeren za ve\u010dino cevi z zunanjim premerom 50mm. Preverjeno s cevjo za odpadne vode (plasti\u010dna siva ali oran\u017ena), gumijasto armirano","og_url":"https:\/\/dev.ibcparts.eu\/en\/nakupujte\/skozniki\/dodaten-izhod-skoznik-ht50\/","og_site_name":"IBCparts.eu","article_modified_time":"2022-01-22T07:34:26+00:00","og_image":[{"width":591,"height":591,"url":"https:\/\/dev.ibcparts.eu\/wp-content\/uploads\/2021\/10\/dodaten-izhod-iz-cisterne-ht50-orig_orig.jpg","type":"image\/jpeg"}],"twitter_card":"summary_large_image","schema":{"@context":"https:\/\/schema.org","@graph":[{"@type":"Organization","@id":"https:\/\/dev.ibcparts.eu\/#organization","name":"IBCparts","url":"https:\/\/dev.ibcparts.eu\/","sameAs":[],"logo":{"@type":"ImageObject","inLanguage":"en-US","@id":"https:\/\/dev.ibcparts.eu\/#\/schema\/logo\/image\/","url":"https:\/\/dev.ibcparts.eu\/wp-content\/uploads\/2021\/10\/Footer-Logo.png","contentUrl":"https:\/\/dev.ibcparts.eu\/wp-content\/uploads\/2021\/10\/Footer-Logo.png","width":1992,"height":772,"caption":"IBCparts"},"image":{"@id":"https:\/\/dev.ibcparts.eu\/#\/schema\/logo\/image\/"}},{"@type":"WebSite","@id":"https:\/\/dev.ibcparts.eu\/#website","url":"https:\/\/dev.ibcparts.eu\/","name":"IBCparts.eu","description":"","publisher":{"@id":"https:\/\/dev.ibcparts.eu\/#organization"},"potentialAction":[{"@type":"SearchAction","target":{"@type":"EntryPoint","urlTemplate":"https:\/\/dev.ibcparts.eu\/?s={search_term_string}"},"query-input":"required name=search_term_string"}],"inLanguage":"en-US"},{"@type":"ImageObject","inLanguage":"en-US","@id":"https:\/\/dev.ibcparts.eu\/de\/nakupujte\/skozniki\/dodaten-izhod-skoznik-ht50\/#primaryimage","url":"https:\/\/dev.ibcparts.eu\/wp-content\/uploads\/2021\/10\/dodaten-izhod-iz-cisterne-ht50-orig_orig.jpg","contentUrl":"https:\/\/dev.ibcparts.eu\/wp-content\/uploads\/2021\/10\/dodaten-izhod-iz-cisterne-ht50-orig_orig.jpg","width":591,"height":591,"caption":"dodaten-izhod-iz-cisterne-ht50-orig_orig"},{"@type":"WebPage","@id":"https:\/\/dev.ibcparts.eu\/de\/nakupujte\/skozniki\/dodaten-izhod-skoznik-ht50\/#webpage","url":"https:\/\/dev.ibcparts.eu\/de\/nakupujte\/skozniki\/dodaten-izhod-skoznik-ht50\/","name":"Dodaten izhod\/skoznik HT50 | IBCparts.eu","isPartOf":{"@id":"https:\/\/dev.ibcparts.eu\/#website"},"primaryImageOfPage":{"@id":"https:\/\/dev.ibcparts.eu\/de\/nakupujte\/skozniki\/dodaten-izhod-skoznik-ht50\/#primaryimage"},"datePublished":"2021-10-18T08:29:00+00:00","dateModified":"2022-01-22T07:34:26+00:00","description":"Primeren za ve\u010dino cevi z zunanjim premerom 50mm. Preverjeno s cevjo za odpadne vode (plasti\u010dna siva ali oran\u017ena), gumijasto armirano","breadcrumb":{"@id":"https:\/\/dev.ibcparts.eu\/de\/nakupujte\/skozniki\/dodaten-izhod-skoznik-ht50\/#breadcrumb"},"inLanguage":"en-US","potentialAction":[{"@type":"ReadAction","target":["https:\/\/dev.ibcparts.eu\/de\/nakupujte\/skozniki\/dodaten-izhod-skoznik-ht50\/"]}]},{"@type":"BreadcrumbList","@id":"https:\/\/dev.ibcparts.eu\/de\/nakupujte\/skozniki\/dodaten-izhod-skoznik-ht50\/#breadcrumb","itemListElement":[{"@type":"ListItem","position":1,"name":"Home","item":"https:\/\/dev.ibcparts.eu\/"},{"@type":"ListItem","position":2,"name":"Nakupujte","item":"https:\/\/dev.ibcparts.eu\/nakupujte\/"},{"@type":"ListItem","position":3,"name":"Dodaten izhod\/skoznik HT50"}]}]}},"_links":{"self":[{"href":"https:\/\/dev.ibcparts.eu\/en\/wp-json\/wp\/v2\/product\/6695"}],"collection":[{"href":"https:\/\/dev.ibcparts.eu\/en\/wp-json\/wp\/v2\/product"}],"about":[{"href":"https:\/\/dev.ibcparts.eu\/en\/wp-json\/wp\/v2\/types\/product"}],"version-history":[{"count":0,"href":"https:\/\/dev.ibcparts.eu\/en\/wp-json\/wp\/v2\/product\/6695\/revisions"}],"wp:featuredmedia":[{"embeddable":true,"href":"https:\/\/dev.ibcparts.eu\/en\/wp-json\/wp\/v2\/media\/6696"}],"wp:attachment":[{"href":"https:\/\/dev.ibcparts.eu\/en\/wp-json\/wp\/v2\/media?parent=6695"}],"wp:term":[{"taxonomy":"product_cat","embeddable":true,"href":"https:\/\/dev.ibcparts.eu\/en\/wp-json\/wp\/v2\/product_cat?post=6695"},{"taxonomy":"product_tag","embeddable":true,"href":"https:\/\/dev.ibcparts.eu\/en\/wp-json\/wp\/v2\/product_tag?post=6695"}],"curies":[{"name":"wp","href":"https:\/\/api.w.org\/{rel}","templated":true}]}}