{"id":6266,"date":"2021-10-15T19:59:29","date_gmt":"2021-10-15T19:59:29","guid":{"rendered":"https:\/\/dev.ibcparts.eu\/?post_type=product&#038;p=6266"},"modified":"2022-01-22T10:17:38","modified_gmt":"2022-01-22T09:17:38","slug":"reducir-eco-plus-3-4-in-1-za-ibc-cisterne-z-ventilom-s60","status":"publish","type":"product","link":"https:\/\/dev.ibcparts.eu\/it\/nakupujte\/reducirji-in-prikljucki-za-ibc\/reducir-eco-plus-3-4-in-1-za-ibc-cisterne-z-ventilom-s60\/","title":{"rendered":"Reducir ECO PLUS (3\/4\u2033 e 1\u2033) per serbatoi IBC con valvola S60"},"content":{"rendered":"<p>Informazioni sul prodotto:<br \/>\nRiduttore ECO PLUS di altissima qualit\u00e0 e collaudato.<\/p>\n<p>Per serbatoi con valvola fi 55-62mm, filettatura grossa S60x6 (DN50).<\/p>\n<p>Tipo di filettatura al centro: filettatura BSP maschio in due dimensioni diverse.<br \/>\nMateriale: plastica<br \/>\nColore: nero<br \/>\nGuarnizione in schiuma (PE) all'interno. La guarnizione di gomma pu\u00f2 anche essere ordinata.<br \/>\nSul lato in cui la filettatura \u00e8 fine, si consiglia di utilizzare il Teflon.<br \/>\nIl teflon NON deve essere usato tra la valvola del serbatoio e il riduttore.<br \/>\n\u200b<br \/>\nMolto adatto anche per il collegamento tra serbatoi.<\/p>\n<p>Ottima tenuta e ottima durata!<\/p>\n<p>Opzioni:<br \/>\nFiletto maschio da 3\/4\u2033,<br \/>\nFiletto maschio da 1\u2033.<br \/>\n\u200b<br \/>\nSi prega di leggere le avvertenze\/istruzioni qui sotto.<br \/>\n\u200b<br \/>\nAttenzione:<br \/>\nI carri armati sembrano uguali a prima vista, ma sono diversi l'uno dall'altro. La pi\u00f9 grande differenza \u00e8 nelle valvole. Il diametro esterno standard e pi\u00f9 comune della valvola \u00e8 di 60 mm. In pratica, pu\u00f2 variare tra 55 e 62 mm.<br \/>\nI riduttori ECO PLUS sono progettati per adattarsi a tutte le filettature grossolane delle valvole di diametro 60mm (S60x6). A causa di leggere differenze nelle filettature delle valvole \"standard\", la sensazione del riduttore pu\u00f2 variare quando viene installato. Pu\u00f2 calzare perfettamente, pu\u00f2 essere un po' pi\u00f9 largo o un po' pi\u00f9 stretto. Quando \u00e8 avvitato fino in fondo, \u00e8 stretto e fisso.<\/p>\n<p>Suggerimento1:<br \/>\nPrima dell'installazione, assicurarsi che la guancia della valvola del serbatoio (dove \u00e8 installato il riduttore) sia liscia e non danneggiata. I nuovi serbatoi hanno una guarnizione di alluminio sull'apertura della valvola - se questa viene rimossa superficialmente, pu\u00f2 essere la causa di una scarsa tenuta del riduttore. Qualsiasi imperfezione sulla valvola deve essere rimossa o levigata con carta vetrata prima della prima installazione del riduttore di pressione.<br \/>\nI riduttori ECO PLUS hanno una guarnizione fatta di schiuma pi\u00f9 dura (PE), che sigilla perfettamente anche se ci sono grandi irregolarit\u00e0 sulla valvola. Tuttavia, \u00e8 importante notare che questo pu\u00f2 danneggiare la guarnizione, il che pu\u00f2 influenzare la tenuta durante l'installazione successiva.<br \/>\n\u200b<br \/>\nSuggerimento2:<br \/>\nQuando si monta qualsiasi connettore su questo riduttore, assicurarsi di usare il nastro di Teflon. Questo assicura una perfetta tenuta e la corretta posizione del rubinetto o del connettore.<\/p>\n<p>Suggerimento3:<br \/>\nI riduttori ECO PLUS sono originali, di alta qualit\u00e0 e di un fornitore rinomato. Sono convenienti ed eccellenti per l'irrigazione del giardino e svolgono perfettamente la funzione a cui sono destinati.<\/p>\n<p>Nonostante un attento controllo della produzione, pu\u00f2 succedere che un articolo su qualche migliaio arrivi con un difetto nel materiale. E anche questo apparir\u00e0 solo se il tuo serbatoio \u00e8 uno di quelli con il diametro massimo accettabile per questo riduttore, cio\u00e8 62mm. Se notate qualche difetto che influisce sul funzionamento, fatecelo sapere.<\/p>\n<p>Fate attenzione che ci sono molte copie sul mercato che sembrano simili a prima vista, ma sono di qualit\u00e0 molto scarsa.<\/p>","protected":false},"excerpt":{"rendered":"<table class=\"simple-table style-top\">\n<tbody>\n<tr>\n<td class=\"cell\">\n<div class=\"paragraph\"><strong><span style=\"color: #508d24;\">Quantit\u00e0 (pezzi)<\/span><\/strong><\/div>\n<\/td>\n<td class=\"cell\">\n<div class=\"paragraph\"><strong><span style=\"color: #508d24;\">Prezzo\/pezzo<\/span><\/strong><\/div>\n<\/td>\n<\/tr>\n<tr>\n<td class=\"cell\">\n<div class=\"paragraph\">1 o 2<\/div>\n<\/td>\n<td class=\"cell\">\n<div class=\"paragraph\">13,50\u20ac<\/div>\n<\/td>\n<\/tr>\n<tr>\n<td class=\"cell\">\n<div class=\"paragraph\">da 3 a 9<\/div>\n<\/td>\n<td class=\"cell\">\n<div class=\"paragraph\">11,48\u20ac<\/div>\n<\/td>\n<\/tr>\n<tr>\n<td class=\"cell\">\n<div class=\"paragraph\">10 o pi\u00f9<\/div>\n<\/td>\n<td class=\"cell\">\n<div class=\"paragraph\">9,45\u20ac<\/div>\n<\/td>\n<\/tr>\n<\/tbody>\n<\/table>\n<p>&nbsp;<\/p>","protected":false},"featured_media":6267,"template":"","meta":[],"product_cat":[170],"product_tag":[],"yoast_head":"<!-- This site is optimized with the Yoast SEO plugin v19.1 - https:\/\/yoast.com\/wordpress\/plugins\/seo\/ -->\n<title>Reducir ECO PLUS (3\/4&quot; in 1&quot;) za IBC cisterne z ventilom S60 | IBCparts.eu<\/title>\n<meta name=\"description\" content=\"Zelo kvaliteten in preverjen reducir ECO PLUS.Za cisterne z ventilom fi 55-62mm, grobi navoj S60x6 (DN50).\" \/>\n<meta name=\"robots\" content=\"index, follow, max-snippet:-1, max-image-preview:large, max-video-preview:-1\" \/>\n<link rel=\"canonical\" href=\"https:\/\/dev.ibcparts.eu\/it\/nakupujte\/reducirji-in-prikljucki-za-ibc\/reducir-eco-plus-3-4-in-1-za-ibc-cisterne-z-ventilom-s60\/\" \/>\n<meta property=\"og:locale\" content=\"it_IT\" \/>\n<meta property=\"og:type\" content=\"article\" \/>\n<meta property=\"og:title\" content=\"Reducir ECO PLUS (3\/4&quot; in 1&quot;) za IBC cisterne z ventilom S60 | IBCparts.eu\" \/>\n<meta property=\"og:description\" content=\"Zelo kvaliteten in preverjen reducir ECO PLUS.Za cisterne z ventilom fi 55-62mm, grobi navoj S60x6 (DN50).\" \/>\n<meta property=\"og:url\" content=\"https:\/\/dev.ibcparts.eu\/it\/nakupujte\/reducirji-in-prikljucki-za-ibc\/reducir-eco-plus-3-4-in-1-za-ibc-cisterne-z-ventilom-s60\/\" \/>\n<meta property=\"og:site_name\" content=\"IBCparts.eu\" \/>\n<meta property=\"article:modified_time\" content=\"2022-01-22T09:17:38+00:00\" \/>\n<meta property=\"og:image\" content=\"https:\/\/dev.ibcparts.eu\/wp-content\/uploads\/2021\/10\/reducir-eco-plus_orig.jpg\" \/>\n\t<meta property=\"og:image:width\" content=\"432\" \/>\n\t<meta property=\"og:image:height\" content=\"432\" \/>\n\t<meta property=\"og:image:type\" content=\"image\/jpeg\" \/>\n<meta name=\"twitter:card\" content=\"summary_large_image\" \/>\n<meta name=\"twitter:label1\" content=\"Tempo di lettura stimato\" \/>\n\t<meta name=\"twitter:data1\" content=\"2 minuti\" \/>\n<script type=\"application\/ld+json\" class=\"yoast-schema-graph\">{\"@context\":\"https:\/\/schema.org\",\"@graph\":[{\"@type\":\"Organization\",\"@id\":\"https:\/\/dev.ibcparts.eu\/#organization\",\"name\":\"IBCparts\",\"url\":\"https:\/\/dev.ibcparts.eu\/\",\"sameAs\":[],\"logo\":{\"@type\":\"ImageObject\",\"inLanguage\":\"it-IT\",\"@id\":\"https:\/\/dev.ibcparts.eu\/#\/schema\/logo\/image\/\",\"url\":\"https:\/\/dev.ibcparts.eu\/wp-content\/uploads\/2021\/10\/Footer-Logo.png\",\"contentUrl\":\"https:\/\/dev.ibcparts.eu\/wp-content\/uploads\/2021\/10\/Footer-Logo.png\",\"width\":1992,\"height\":772,\"caption\":\"IBCparts\"},\"image\":{\"@id\":\"https:\/\/dev.ibcparts.eu\/#\/schema\/logo\/image\/\"}},{\"@type\":\"WebSite\",\"@id\":\"https:\/\/dev.ibcparts.eu\/#website\",\"url\":\"https:\/\/dev.ibcparts.eu\/\",\"name\":\"IBCparts.eu\",\"description\":\"\",\"publisher\":{\"@id\":\"https:\/\/dev.ibcparts.eu\/#organization\"},\"potentialAction\":[{\"@type\":\"SearchAction\",\"target\":{\"@type\":\"EntryPoint\",\"urlTemplate\":\"https:\/\/dev.ibcparts.eu\/?s={search_term_string}\"},\"query-input\":\"required name=search_term_string\"}],\"inLanguage\":\"it-IT\"},{\"@type\":\"ImageObject\",\"inLanguage\":\"it-IT\",\"@id\":\"https:\/\/dev.ibcparts.eu\/de\/nakupujte\/reducirji-in-prikljucki-za-ibc\/reducir-eco-plus-3-4-in-1-za-ibc-cisterne-z-ventilom-s60\/#primaryimage\",\"url\":\"https:\/\/dev.ibcparts.eu\/wp-content\/uploads\/2021\/10\/reducir-eco-plus_orig.jpg\",\"contentUrl\":\"https:\/\/dev.ibcparts.eu\/wp-content\/uploads\/2021\/10\/reducir-eco-plus_orig.jpg\",\"width\":432,\"height\":432,\"caption\":\"reducir-eco-plus_orig\"},{\"@type\":\"WebPage\",\"@id\":\"https:\/\/dev.ibcparts.eu\/de\/nakupujte\/reducirji-in-prikljucki-za-ibc\/reducir-eco-plus-3-4-in-1-za-ibc-cisterne-z-ventilom-s60\/#webpage\",\"url\":\"https:\/\/dev.ibcparts.eu\/de\/nakupujte\/reducirji-in-prikljucki-za-ibc\/reducir-eco-plus-3-4-in-1-za-ibc-cisterne-z-ventilom-s60\/\",\"name\":\"Reducir ECO PLUS (3\/4\\\" in 1\\\") za IBC cisterne z ventilom S60 | IBCparts.eu\",\"isPartOf\":{\"@id\":\"https:\/\/dev.ibcparts.eu\/#website\"},\"primaryImageOfPage\":{\"@id\":\"https:\/\/dev.ibcparts.eu\/de\/nakupujte\/reducirji-in-prikljucki-za-ibc\/reducir-eco-plus-3-4-in-1-za-ibc-cisterne-z-ventilom-s60\/#primaryimage\"},\"datePublished\":\"2021-10-15T19:59:29+00:00\",\"dateModified\":\"2022-01-22T09:17:38+00:00\",\"description\":\"Zelo kvaliteten in preverjen reducir ECO PLUS.Za cisterne z ventilom fi 55-62mm, grobi navoj S60x6 (DN50).\",\"breadcrumb\":{\"@id\":\"https:\/\/dev.ibcparts.eu\/de\/nakupujte\/reducirji-in-prikljucki-za-ibc\/reducir-eco-plus-3-4-in-1-za-ibc-cisterne-z-ventilom-s60\/#breadcrumb\"},\"inLanguage\":\"it-IT\",\"potentialAction\":[{\"@type\":\"ReadAction\",\"target\":[\"https:\/\/dev.ibcparts.eu\/de\/nakupujte\/reducirji-in-prikljucki-za-ibc\/reducir-eco-plus-3-4-in-1-za-ibc-cisterne-z-ventilom-s60\/\"]}]},{\"@type\":\"BreadcrumbList\",\"@id\":\"https:\/\/dev.ibcparts.eu\/de\/nakupujte\/reducirji-in-prikljucki-za-ibc\/reducir-eco-plus-3-4-in-1-za-ibc-cisterne-z-ventilom-s60\/#breadcrumb\",\"itemListElement\":[{\"@type\":\"ListItem\",\"position\":1,\"name\":\"Home\",\"item\":\"https:\/\/dev.ibcparts.eu\/\"},{\"@type\":\"ListItem\",\"position\":2,\"name\":\"Nakupujte\",\"item\":\"https:\/\/dev.ibcparts.eu\/nakupujte\/\"},{\"@type\":\"ListItem\",\"position\":3,\"name\":\"Reducir ECO PLUS (3\/4&#8243; in 1&#8243;) za IBC cisterne z ventilom S60\"}]}]}<\/script>\n<!-- \/ Yoast SEO plugin. -->","yoast_head_json":{"title":"Reducir ECO PLUS (3\/4\" in 1\") za IBC cisterne z ventilom S60 | IBCparts.eu","description":"Zelo kvaliteten in preverjen reducir ECO PLUS.Za cisterne z ventilom fi 55-62mm, grobi navoj S60x6 (DN50).","robots":{"index":"index","follow":"follow","max-snippet":"max-snippet:-1","max-image-preview":"max-image-preview:large","max-video-preview":"max-video-preview:-1"},"canonical":"https:\/\/dev.ibcparts.eu\/it\/nakupujte\/reducirji-in-prikljucki-za-ibc\/reducir-eco-plus-3-4-in-1-za-ibc-cisterne-z-ventilom-s60\/","og_locale":"it_IT","og_type":"article","og_title":"Reducir ECO PLUS (3\/4\" in 1\") za IBC cisterne z ventilom S60 | IBCparts.eu","og_description":"Zelo kvaliteten in preverjen reducir ECO PLUS.Za cisterne z ventilom fi 55-62mm, grobi navoj S60x6 (DN50).","og_url":"https:\/\/dev.ibcparts.eu\/it\/nakupujte\/reducirji-in-prikljucki-za-ibc\/reducir-eco-plus-3-4-in-1-za-ibc-cisterne-z-ventilom-s60\/","og_site_name":"IBCparts.eu","article_modified_time":"2022-01-22T09:17:38+00:00","og_image":[{"width":432,"height":432,"url":"https:\/\/dev.ibcparts.eu\/wp-content\/uploads\/2021\/10\/reducir-eco-plus_orig.jpg","type":"image\/jpeg"}],"twitter_card":"summary_large_image","twitter_misc":{"Tempo di lettura stimato":"2 minuti"},"schema":{"@context":"https:\/\/schema.org","@graph":[{"@type":"Organization","@id":"https:\/\/dev.ibcparts.eu\/#organization","name":"IBCparts","url":"https:\/\/dev.ibcparts.eu\/","sameAs":[],"logo":{"@type":"ImageObject","inLanguage":"it-IT","@id":"https:\/\/dev.ibcparts.eu\/#\/schema\/logo\/image\/","url":"https:\/\/dev.ibcparts.eu\/wp-content\/uploads\/2021\/10\/Footer-Logo.png","contentUrl":"https:\/\/dev.ibcparts.eu\/wp-content\/uploads\/2021\/10\/Footer-Logo.png","width":1992,"height":772,"caption":"IBCparts"},"image":{"@id":"https:\/\/dev.ibcparts.eu\/#\/schema\/logo\/image\/"}},{"@type":"WebSite","@id":"https:\/\/dev.ibcparts.eu\/#website","url":"https:\/\/dev.ibcparts.eu\/","name":"IBCparts.eu","description":"","publisher":{"@id":"https:\/\/dev.ibcparts.eu\/#organization"},"potentialAction":[{"@type":"SearchAction","target":{"@type":"EntryPoint","urlTemplate":"https:\/\/dev.ibcparts.eu\/?s={search_term_string}"},"query-input":"required name=search_term_string"}],"inLanguage":"it-IT"},{"@type":"ImageObject","inLanguage":"it-IT","@id":"https:\/\/dev.ibcparts.eu\/de\/nakupujte\/reducirji-in-prikljucki-za-ibc\/reducir-eco-plus-3-4-in-1-za-ibc-cisterne-z-ventilom-s60\/#primaryimage","url":"https:\/\/dev.ibcparts.eu\/wp-content\/uploads\/2021\/10\/reducir-eco-plus_orig.jpg","contentUrl":"https:\/\/dev.ibcparts.eu\/wp-content\/uploads\/2021\/10\/reducir-eco-plus_orig.jpg","width":432,"height":432,"caption":"reducir-eco-plus_orig"},{"@type":"WebPage","@id":"https:\/\/dev.ibcparts.eu\/de\/nakupujte\/reducirji-in-prikljucki-za-ibc\/reducir-eco-plus-3-4-in-1-za-ibc-cisterne-z-ventilom-s60\/#webpage","url":"https:\/\/dev.ibcparts.eu\/de\/nakupujte\/reducirji-in-prikljucki-za-ibc\/reducir-eco-plus-3-4-in-1-za-ibc-cisterne-z-ventilom-s60\/","name":"Reducir ECO PLUS (3\/4\" in 1\") za IBC cisterne z ventilom S60 | IBCparts.eu","isPartOf":{"@id":"https:\/\/dev.ibcparts.eu\/#website"},"primaryImageOfPage":{"@id":"https:\/\/dev.ibcparts.eu\/de\/nakupujte\/reducirji-in-prikljucki-za-ibc\/reducir-eco-plus-3-4-in-1-za-ibc-cisterne-z-ventilom-s60\/#primaryimage"},"datePublished":"2021-10-15T19:59:29+00:00","dateModified":"2022-01-22T09:17:38+00:00","description":"Zelo kvaliteten in preverjen reducir ECO PLUS.Za cisterne z ventilom fi 55-62mm, grobi navoj S60x6 (DN50).","breadcrumb":{"@id":"https:\/\/dev.ibcparts.eu\/de\/nakupujte\/reducirji-in-prikljucki-za-ibc\/reducir-eco-plus-3-4-in-1-za-ibc-cisterne-z-ventilom-s60\/#breadcrumb"},"inLanguage":"it-IT","potentialAction":[{"@type":"ReadAction","target":["https:\/\/dev.ibcparts.eu\/de\/nakupujte\/reducirji-in-prikljucki-za-ibc\/reducir-eco-plus-3-4-in-1-za-ibc-cisterne-z-ventilom-s60\/"]}]},{"@type":"BreadcrumbList","@id":"https:\/\/dev.ibcparts.eu\/de\/nakupujte\/reducirji-in-prikljucki-za-ibc\/reducir-eco-plus-3-4-in-1-za-ibc-cisterne-z-ventilom-s60\/#breadcrumb","itemListElement":[{"@type":"ListItem","position":1,"name":"Home","item":"https:\/\/dev.ibcparts.eu\/"},{"@type":"ListItem","position":2,"name":"Nakupujte","item":"https:\/\/dev.ibcparts.eu\/nakupujte\/"},{"@type":"ListItem","position":3,"name":"Reducir ECO PLUS (3\/4&#8243; in 1&#8243;) za IBC cisterne z ventilom S60"}]}]}},"_links":{"self":[{"href":"https:\/\/dev.ibcparts.eu\/it\/wp-json\/wp\/v2\/product\/6266"}],"collection":[{"href":"https:\/\/dev.ibcparts.eu\/it\/wp-json\/wp\/v2\/product"}],"about":[{"href":"https:\/\/dev.ibcparts.eu\/it\/wp-json\/wp\/v2\/types\/product"}],"version-history":[{"count":0,"href":"https:\/\/dev.ibcparts.eu\/it\/wp-json\/wp\/v2\/product\/6266\/revisions"}],"wp:featuredmedia":[{"embeddable":true,"href":"https:\/\/dev.ibcparts.eu\/it\/wp-json\/wp\/v2\/media\/6267"}],"wp:attachment":[{"href":"https:\/\/dev.ibcparts.eu\/it\/wp-json\/wp\/v2\/media?parent=6266"}],"wp:term":[{"taxonomy":"product_cat","embeddable":true,"href":"https:\/\/dev.ibcparts.eu\/it\/wp-json\/wp\/v2\/product_cat?post=6266"},{"taxonomy":"product_tag","embeddable":true,"href":"https:\/\/dev.ibcparts.eu\/it\/wp-json\/wp\/v2\/product_tag?post=6266"}],"curies":[{"name":"wp","href":"https:\/\/api.w.org\/{rel}","templated":true}]}}