{"id":6276,"date":"2021-10-15T20:14:24","date_gmt":"2021-10-15T20:14:24","guid":{"rendered":"https:\/\/dev.ibcparts.eu\/?post_type=product&#038;p=6276"},"modified":"2022-01-22T10:17:13","modified_gmt":"2022-01-22T09:17:13","slug":"reducir-extra-1-2-3-4-in-1-za-ibc-cisterne-z-ventilom-s60","status":"publish","type":"product","link":"https:\/\/dev.ibcparts.eu\/it\/nakupujte\/reducirji-in-prikljucki-za-ibc\/reducir-extra-1-2-3-4-in-1-za-ibc-cisterne-z-ventilom-s60\/","title":{"rendered":"Riduttore EXTRA (1\/2\", 3\/4\u2033 e 1\u2033) per serbatoi IBC con valvola S60"},"content":{"rendered":"<p><span style=\"font-size: large;\"><strong>Informazioni sul prodotto:<\/strong><br \/>\nUn riduttore di alta qualit\u00e0 e molto forte per tutti gli usi.<br \/>\nMeno attraente da guardare, ma grande nella funzione.<\/span><\/p>\n<p>Per serbatoi con valvola fi 55-62mm, filettatura grossa S60x6 (DN50).<br \/>\nTipo di filettatura al centro: filettatura BSP femmina in tre diverse dimensioni.<br \/>\nAdatto a tutti i rubinetti convenzionali sul mercato. Standard BSP.<\/p>\n<p>Materiale: plastica PE pulita e di alta qualit\u00e0<br \/>\nColore: bianco<br \/>\nI riduttori EXTRA hanno una guarnizione fatta di\u00a0\u00a0<a href=\"https:\/\/en.wikipedia.org\/wiki\/Nitrile_rubber\">NBR\u00a0<\/a>gomma.<\/p>\n<p>Quando si usa un rubinetto di metallo, si raccomanda di usare il Teflon.<br \/>\nEccellente tenuta e alta durata!<br \/>\n\u200b<br \/>\n<strong>Opzioni:<\/strong><\/p>\n<ul>\n<li>Filetto femmina da 1\/2\u2033,<\/li>\n<li>Filetto interno da 3\/4\u2033,<\/li>\n<li>Filetto interno da 1\u2033.<\/li>\n<\/ul>\n<p>Si prega di leggere le avvertenze\/istruzioni qui sotto.<br \/>\n\u200b<br \/>\n<strong>Attenzione:<\/strong><br \/>\nI carri armati sembrano uguali a prima vista, ma sono diversi l'uno dall'altro. La pi\u00f9 grande differenza \u00e8 nelle valvole. Il diametro esterno standard e pi\u00f9 comune della valvola \u00e8 di 60 mm. In pratica, pu\u00f2 variare ed \u00e8 tra\u00a0<strong>55 in 62mm<\/strong>.<br \/>\nI riduttori EXTRA sono progettati per adattarsi a tutte le filettature grossolane delle valvole di diametro 60mm (S60x6). A causa di leggere differenze nelle filettature delle valvole \"standard\", la sensazione del riduttore pu\u00f2 variare quando viene installato. Pu\u00f2 calzare perfettamente, pu\u00f2 essere un po' pi\u00f9 largo o un po' pi\u00f9 stretto. Quando \u00e8 avvitato fino in fondo, \u00e8 stretto e fisso.<br \/>\nI riduttori EXTRA hanno una guarnizione fatta di\u00a0<a href=\"https:\/\/en.wikipedia.org\/wiki\/Nitrile_rubber\">NBR\u00a0<\/a>Gomma con eccellente tenuta. Tuttavia, si raccomanda che la faccia della valvola sia priva di imperfezioni importanti.<\/p>\n<p><strong>Suggerimento1:<\/strong><br \/>\nPrima dell'installazione, assicurarsi che la guancia della valvola del serbatoio (dove verr\u00e0 installato il riduttore) sia\u00a0<strong>liscio e intatto<\/strong>. I nuovi serbatoi hanno una guarnizione di alluminio sull'apertura della valvola - se questa viene rimossa in modo lasco, pu\u00f2 causare una scarsa tenuta. Qualsiasi imperfezione sulla valvola deve essere rimossa o levigata con carta vetrata prima della prima installazione del riduttore di pressione.<br \/>\n\u200b<br \/>\n<strong>Suggerimento2:<\/strong><br \/>\nQuando si monta qualsiasi connettore su questo riduttore, assicurarsi di usare il nastro di Teflon. Questo \u00e8 l'unico modo per garantire una tenuta perfetta e la corretta posizione del rubinetto o del connettore.<\/p>\n<p><strong>Suggerimento3:<\/strong><br \/>\nRiduttori\u00a0<strong>EXTRA\u00a0<\/strong>\u00a0sono originali, di alta qualit\u00e0 e di un fornitore europeo riconosciuto. Sono convenienti ed eccellenti sia per l'irrigazione del giardino che per l'uso industriale.<\/p>\n<p>La durata dei riduttori dipende dall'esposizione al sole\/gelo e dall'applicazione. ECO &lt; ROTO = BR = EXTRA.<\/p>","protected":false},"excerpt":{"rendered":"<p>Informacije o izdelku: \u200bKvaliteten, zelo mo\u010dan reducir namenjen za vse vrste rabe. Na pogled manj privla\u010den, a funkcijsko odli\u010den. Za<\/p>","protected":false},"featured_media":6277,"template":"","meta":[],"product_cat":[170],"product_tag":[],"yoast_head":"<!-- This site is optimized with the Yoast SEO plugin v19.1 - https:\/\/yoast.com\/wordpress\/plugins\/seo\/ -->\n<title>Reducir EXTRA (1\/2&#039;&#039;, 3\/4&quot; in 1&quot;) za IBC cisterne z ventilom S60 | IBCparts.eu<\/title>\n<meta name=\"description\" content=\"\u200bKvaliteten, zelo mo\u010dan reducir namenjen za vse vrste rabe.Na pogled manj privla\u010den, a funkcijsko odli\u010den.\" \/>\n<meta name=\"robots\" content=\"index, follow, max-snippet:-1, max-image-preview:large, max-video-preview:-1\" \/>\n<link rel=\"canonical\" href=\"https:\/\/dev.ibcparts.eu\/it\/nakupujte\/reducirji-in-prikljucki-za-ibc\/reducir-extra-1-2-3-4-in-1-za-ibc-cisterne-z-ventilom-s60\/\" \/>\n<meta property=\"og:locale\" content=\"it_IT\" \/>\n<meta property=\"og:type\" content=\"article\" \/>\n<meta property=\"og:title\" content=\"Reducir EXTRA (1\/2&#039;&#039;, 3\/4&quot; in 1&quot;) za IBC cisterne z ventilom S60 | IBCparts.eu\" \/>\n<meta property=\"og:description\" content=\"\u200bKvaliteten, zelo mo\u010dan reducir namenjen za vse vrste rabe.Na pogled manj privla\u010den, a funkcijsko odli\u010den.\" \/>\n<meta property=\"og:url\" content=\"https:\/\/dev.ibcparts.eu\/it\/nakupujte\/reducirji-in-prikljucki-za-ibc\/reducir-extra-1-2-3-4-in-1-za-ibc-cisterne-z-ventilom-s60\/\" \/>\n<meta property=\"og:site_name\" content=\"IBCparts.eu\" \/>\n<meta property=\"article:modified_time\" content=\"2022-01-22T09:17:13+00:00\" \/>\n<meta property=\"og:image\" content=\"https:\/\/dev.ibcparts.eu\/wp-content\/uploads\/2021\/10\/reducir-extra-2_orig.jpg\" \/>\n\t<meta property=\"og:image:width\" content=\"454\" \/>\n\t<meta property=\"og:image:height\" content=\"454\" \/>\n\t<meta property=\"og:image:type\" content=\"image\/jpeg\" \/>\n<meta name=\"twitter:card\" content=\"summary_large_image\" \/>\n<meta name=\"twitter:label1\" content=\"Tempo di lettura stimato\" \/>\n\t<meta name=\"twitter:data1\" content=\"2 minuti\" \/>\n<script type=\"application\/ld+json\" class=\"yoast-schema-graph\">{\"@context\":\"https:\/\/schema.org\",\"@graph\":[{\"@type\":\"Organization\",\"@id\":\"https:\/\/dev.ibcparts.eu\/#organization\",\"name\":\"IBCparts\",\"url\":\"https:\/\/dev.ibcparts.eu\/\",\"sameAs\":[],\"logo\":{\"@type\":\"ImageObject\",\"inLanguage\":\"it-IT\",\"@id\":\"https:\/\/dev.ibcparts.eu\/#\/schema\/logo\/image\/\",\"url\":\"https:\/\/dev.ibcparts.eu\/wp-content\/uploads\/2021\/10\/Footer-Logo.png\",\"contentUrl\":\"https:\/\/dev.ibcparts.eu\/wp-content\/uploads\/2021\/10\/Footer-Logo.png\",\"width\":1992,\"height\":772,\"caption\":\"IBCparts\"},\"image\":{\"@id\":\"https:\/\/dev.ibcparts.eu\/#\/schema\/logo\/image\/\"}},{\"@type\":\"WebSite\",\"@id\":\"https:\/\/dev.ibcparts.eu\/#website\",\"url\":\"https:\/\/dev.ibcparts.eu\/\",\"name\":\"IBCparts.eu\",\"description\":\"\",\"publisher\":{\"@id\":\"https:\/\/dev.ibcparts.eu\/#organization\"},\"potentialAction\":[{\"@type\":\"SearchAction\",\"target\":{\"@type\":\"EntryPoint\",\"urlTemplate\":\"https:\/\/dev.ibcparts.eu\/?s={search_term_string}\"},\"query-input\":\"required name=search_term_string\"}],\"inLanguage\":\"it-IT\"},{\"@type\":\"ImageObject\",\"inLanguage\":\"it-IT\",\"@id\":\"https:\/\/dev.ibcparts.eu\/nakupujte\/reducirji-in-prikljucki-za-ibc\/reducir-extra-1-2-3-4-in-1-za-ibc-cisterne-z-ventilom-s60\/#primaryimage\",\"url\":\"https:\/\/dev.ibcparts.eu\/wp-content\/uploads\/2021\/10\/reducir-extra-2_orig.jpg\",\"contentUrl\":\"https:\/\/dev.ibcparts.eu\/wp-content\/uploads\/2021\/10\/reducir-extra-2_orig.jpg\",\"width\":454,\"height\":454,\"caption\":\"reducir-extra-2_orig\"},{\"@type\":\"WebPage\",\"@id\":\"https:\/\/dev.ibcparts.eu\/nakupujte\/reducirji-in-prikljucki-za-ibc\/reducir-extra-1-2-3-4-in-1-za-ibc-cisterne-z-ventilom-s60\/#webpage\",\"url\":\"https:\/\/dev.ibcparts.eu\/nakupujte\/reducirji-in-prikljucki-za-ibc\/reducir-extra-1-2-3-4-in-1-za-ibc-cisterne-z-ventilom-s60\/\",\"name\":\"Reducir EXTRA (1\/2'', 3\/4\\\" in 1\\\") za IBC cisterne z ventilom S60 | IBCparts.eu\",\"isPartOf\":{\"@id\":\"https:\/\/dev.ibcparts.eu\/#website\"},\"primaryImageOfPage\":{\"@id\":\"https:\/\/dev.ibcparts.eu\/nakupujte\/reducirji-in-prikljucki-za-ibc\/reducir-extra-1-2-3-4-in-1-za-ibc-cisterne-z-ventilom-s60\/#primaryimage\"},\"datePublished\":\"2021-10-15T20:14:24+00:00\",\"dateModified\":\"2022-01-22T09:17:13+00:00\",\"description\":\"\u200bKvaliteten, zelo mo\u010dan reducir namenjen za vse vrste rabe.Na pogled manj privla\u010den, a funkcijsko odli\u010den.\",\"breadcrumb\":{\"@id\":\"https:\/\/dev.ibcparts.eu\/nakupujte\/reducirji-in-prikljucki-za-ibc\/reducir-extra-1-2-3-4-in-1-za-ibc-cisterne-z-ventilom-s60\/#breadcrumb\"},\"inLanguage\":\"it-IT\",\"potentialAction\":[{\"@type\":\"ReadAction\",\"target\":[\"https:\/\/dev.ibcparts.eu\/nakupujte\/reducirji-in-prikljucki-za-ibc\/reducir-extra-1-2-3-4-in-1-za-ibc-cisterne-z-ventilom-s60\/\"]}]},{\"@type\":\"BreadcrumbList\",\"@id\":\"https:\/\/dev.ibcparts.eu\/nakupujte\/reducirji-in-prikljucki-za-ibc\/reducir-extra-1-2-3-4-in-1-za-ibc-cisterne-z-ventilom-s60\/#breadcrumb\",\"itemListElement\":[{\"@type\":\"ListItem\",\"position\":1,\"name\":\"Home\",\"item\":\"https:\/\/dev.ibcparts.eu\/\"},{\"@type\":\"ListItem\",\"position\":2,\"name\":\"Nakupujte\",\"item\":\"https:\/\/dev.ibcparts.eu\/nakupujte\/\"},{\"@type\":\"ListItem\",\"position\":3,\"name\":\"Reducir EXTRA (1\/2&#8221;, 3\/4&#8243; in 1&#8243;) za IBC cisterne z ventilom S60\"}]}]}<\/script>\n<!-- \/ Yoast SEO plugin. -->","yoast_head_json":{"title":"Reducir EXTRA (1\/2'', 3\/4\" in 1\") za IBC cisterne z ventilom S60 | IBCparts.eu","description":"\u200bKvaliteten, zelo mo\u010dan reducir namenjen za vse vrste rabe.Na pogled manj privla\u010den, a funkcijsko odli\u010den.","robots":{"index":"index","follow":"follow","max-snippet":"max-snippet:-1","max-image-preview":"max-image-preview:large","max-video-preview":"max-video-preview:-1"},"canonical":"https:\/\/dev.ibcparts.eu\/it\/nakupujte\/reducirji-in-prikljucki-za-ibc\/reducir-extra-1-2-3-4-in-1-za-ibc-cisterne-z-ventilom-s60\/","og_locale":"it_IT","og_type":"article","og_title":"Reducir EXTRA (1\/2'', 3\/4\" in 1\") za IBC cisterne z ventilom S60 | IBCparts.eu","og_description":"\u200bKvaliteten, zelo mo\u010dan reducir namenjen za vse vrste rabe.Na pogled manj privla\u010den, a funkcijsko odli\u010den.","og_url":"https:\/\/dev.ibcparts.eu\/it\/nakupujte\/reducirji-in-prikljucki-za-ibc\/reducir-extra-1-2-3-4-in-1-za-ibc-cisterne-z-ventilom-s60\/","og_site_name":"IBCparts.eu","article_modified_time":"2022-01-22T09:17:13+00:00","og_image":[{"width":454,"height":454,"url":"https:\/\/dev.ibcparts.eu\/wp-content\/uploads\/2021\/10\/reducir-extra-2_orig.jpg","type":"image\/jpeg"}],"twitter_card":"summary_large_image","twitter_misc":{"Tempo di lettura stimato":"2 minuti"},"schema":{"@context":"https:\/\/schema.org","@graph":[{"@type":"Organization","@id":"https:\/\/dev.ibcparts.eu\/#organization","name":"IBCparts","url":"https:\/\/dev.ibcparts.eu\/","sameAs":[],"logo":{"@type":"ImageObject","inLanguage":"it-IT","@id":"https:\/\/dev.ibcparts.eu\/#\/schema\/logo\/image\/","url":"https:\/\/dev.ibcparts.eu\/wp-content\/uploads\/2021\/10\/Footer-Logo.png","contentUrl":"https:\/\/dev.ibcparts.eu\/wp-content\/uploads\/2021\/10\/Footer-Logo.png","width":1992,"height":772,"caption":"IBCparts"},"image":{"@id":"https:\/\/dev.ibcparts.eu\/#\/schema\/logo\/image\/"}},{"@type":"WebSite","@id":"https:\/\/dev.ibcparts.eu\/#website","url":"https:\/\/dev.ibcparts.eu\/","name":"IBCparts.eu","description":"","publisher":{"@id":"https:\/\/dev.ibcparts.eu\/#organization"},"potentialAction":[{"@type":"SearchAction","target":{"@type":"EntryPoint","urlTemplate":"https:\/\/dev.ibcparts.eu\/?s={search_term_string}"},"query-input":"required name=search_term_string"}],"inLanguage":"it-IT"},{"@type":"ImageObject","inLanguage":"it-IT","@id":"https:\/\/dev.ibcparts.eu\/nakupujte\/reducirji-in-prikljucki-za-ibc\/reducir-extra-1-2-3-4-in-1-za-ibc-cisterne-z-ventilom-s60\/#primaryimage","url":"https:\/\/dev.ibcparts.eu\/wp-content\/uploads\/2021\/10\/reducir-extra-2_orig.jpg","contentUrl":"https:\/\/dev.ibcparts.eu\/wp-content\/uploads\/2021\/10\/reducir-extra-2_orig.jpg","width":454,"height":454,"caption":"reducir-extra-2_orig"},{"@type":"WebPage","@id":"https:\/\/dev.ibcparts.eu\/nakupujte\/reducirji-in-prikljucki-za-ibc\/reducir-extra-1-2-3-4-in-1-za-ibc-cisterne-z-ventilom-s60\/#webpage","url":"https:\/\/dev.ibcparts.eu\/nakupujte\/reducirji-in-prikljucki-za-ibc\/reducir-extra-1-2-3-4-in-1-za-ibc-cisterne-z-ventilom-s60\/","name":"Reducir EXTRA (1\/2'', 3\/4\" in 1\") za IBC cisterne z ventilom S60 | IBCparts.eu","isPartOf":{"@id":"https:\/\/dev.ibcparts.eu\/#website"},"primaryImageOfPage":{"@id":"https:\/\/dev.ibcparts.eu\/nakupujte\/reducirji-in-prikljucki-za-ibc\/reducir-extra-1-2-3-4-in-1-za-ibc-cisterne-z-ventilom-s60\/#primaryimage"},"datePublished":"2021-10-15T20:14:24+00:00","dateModified":"2022-01-22T09:17:13+00:00","description":"\u200bKvaliteten, zelo mo\u010dan reducir namenjen za vse vrste rabe.Na pogled manj privla\u010den, a funkcijsko odli\u010den.","breadcrumb":{"@id":"https:\/\/dev.ibcparts.eu\/nakupujte\/reducirji-in-prikljucki-za-ibc\/reducir-extra-1-2-3-4-in-1-za-ibc-cisterne-z-ventilom-s60\/#breadcrumb"},"inLanguage":"it-IT","potentialAction":[{"@type":"ReadAction","target":["https:\/\/dev.ibcparts.eu\/nakupujte\/reducirji-in-prikljucki-za-ibc\/reducir-extra-1-2-3-4-in-1-za-ibc-cisterne-z-ventilom-s60\/"]}]},{"@type":"BreadcrumbList","@id":"https:\/\/dev.ibcparts.eu\/nakupujte\/reducirji-in-prikljucki-za-ibc\/reducir-extra-1-2-3-4-in-1-za-ibc-cisterne-z-ventilom-s60\/#breadcrumb","itemListElement":[{"@type":"ListItem","position":1,"name":"Home","item":"https:\/\/dev.ibcparts.eu\/"},{"@type":"ListItem","position":2,"name":"Nakupujte","item":"https:\/\/dev.ibcparts.eu\/nakupujte\/"},{"@type":"ListItem","position":3,"name":"Reducir EXTRA (1\/2&#8221;, 3\/4&#8243; in 1&#8243;) za IBC cisterne z ventilom S60"}]}]}},"_links":{"self":[{"href":"https:\/\/dev.ibcparts.eu\/it\/wp-json\/wp\/v2\/product\/6276"}],"collection":[{"href":"https:\/\/dev.ibcparts.eu\/it\/wp-json\/wp\/v2\/product"}],"about":[{"href":"https:\/\/dev.ibcparts.eu\/it\/wp-json\/wp\/v2\/types\/product"}],"version-history":[{"count":0,"href":"https:\/\/dev.ibcparts.eu\/it\/wp-json\/wp\/v2\/product\/6276\/revisions"}],"wp:featuredmedia":[{"embeddable":true,"href":"https:\/\/dev.ibcparts.eu\/it\/wp-json\/wp\/v2\/media\/6277"}],"wp:attachment":[{"href":"https:\/\/dev.ibcparts.eu\/it\/wp-json\/wp\/v2\/media?parent=6276"}],"wp:term":[{"taxonomy":"product_cat","embeddable":true,"href":"https:\/\/dev.ibcparts.eu\/it\/wp-json\/wp\/v2\/product_cat?post=6276"},{"taxonomy":"product_tag","embeddable":true,"href":"https:\/\/dev.ibcparts.eu\/it\/wp-json\/wp\/v2\/product_tag?post=6276"}],"curies":[{"name":"wp","href":"https:\/\/api.w.org\/{rel}","templated":true}]}}