{"id":7018,"date":"2021-11-04T07:46:18","date_gmt":"2021-11-04T07:46:18","guid":{"rendered":"https:\/\/dev.ibcparts.eu\/?post_type=product&#038;p=7018"},"modified":"2022-04-09T20:30:46","modified_gmt":"2022-04-09T19:30:46","slug":"filter-dezevnice-namoci","status":"publish","type":"product","link":"https:\/\/dev.ibcparts.eu\/it\/nakupujte\/odvodni-filtri-za-dezevnico\/filter-dezevnice-namoci\/","title":{"rendered":"Filtro per l'acqua piovana"},"content":{"rendered":"","protected":false},"excerpt":{"rendered":"<p>Filtro unico e molto semplice, adatto al montaggio su tubi da 110 mm (con riduttori anche da 75 o 50 mm).<br \/>\nFiltro in nylon da 100 micron o 400 micron, che pu\u00f2 essere pulito e sostituito se necessario.<br \/>\nMateriale: Gomma NBR.<\/p>\n<p>100 micros - Art.No.: #17-100<br \/>\n400 micr. - Art.No.: #17-400<\/p>\n<p>Densit\u00e0 del filtro:<br \/>\n-100 micron: il filtro \u00e8 molto fine (la maglia \u00e8 di 0,1 mm) e richiede una pulizia frequente - col tempo, le impurit\u00e0 si accumulano sulla superficie del filtro e il filtro non permette pi\u00f9 all'acqua di passare.\u00a0<em>Pu\u00f2 essere lavato con un normale tubo sotto una leggera pressione, in una lavatrice con acqua fredda, senza detergenti.<\/em><\/p>\n<p>-400 micron: il filtro \u00e8 ancora fine (la maglia \u00e8 di 0,4 mm) ma richiede meno manutenzione.\u00a0<em>Pu\u00f2 essere lavato con un normale tubo sotto una leggera pressione, in una lavatrice con acqua fredda, senza detergenti. Noi raccomandiamo questo.<\/em><\/p>","protected":false},"featured_media":7019,"template":"","meta":[],"product_cat":[186],"product_tag":[],"yoast_head":"<!-- This site is optimized with the Yoast SEO plugin v19.1 - https:\/\/yoast.com\/wordpress\/plugins\/seo\/ -->\n<title>Filter de\u017eevnice NAMO\u010cI | IBCparts.eu<\/title>\n<meta name=\"description\" content=\"Edinstven, zelo enostaven filter primeren za monta\u017eo na\u00a0cevi fi 110mm\u00a0(z redukcijami tudi\u00a075mm ali 50mm).100 mikronski ali 400 mikronski\u00a0\" \/>\n<meta name=\"robots\" content=\"index, follow, max-snippet:-1, max-image-preview:large, max-video-preview:-1\" \/>\n<link rel=\"canonical\" href=\"https:\/\/dev.ibcparts.eu\/it\/nakupujte\/odvodni-filtri-za-dezevnico\/filter-dezevnice-namoci\/\" \/>\n<meta property=\"og:locale\" content=\"it_IT\" \/>\n<meta property=\"og:type\" content=\"article\" \/>\n<meta property=\"og:title\" content=\"Filter de\u017eevnice NAMO\u010cI | IBCparts.eu\" \/>\n<meta property=\"og:description\" content=\"Edinstven, zelo enostaven filter primeren za monta\u017eo na\u00a0cevi fi 110mm\u00a0(z redukcijami tudi\u00a075mm ali 50mm).100 mikronski ali 400 mikronski\u00a0\" \/>\n<meta property=\"og:url\" content=\"https:\/\/dev.ibcparts.eu\/it\/nakupujte\/odvodni-filtri-za-dezevnico\/filter-dezevnice-namoci\/\" \/>\n<meta property=\"og:site_name\" content=\"IBCparts.eu\" \/>\n<meta property=\"article:modified_time\" content=\"2022-04-09T19:30:46+00:00\" \/>\n<meta property=\"og:image\" content=\"https:\/\/dev.ibcparts.eu\/wp-content\/uploads\/2021\/11\/filter-namoci_orig.jpg\" \/>\n\t<meta property=\"og:image:width\" content=\"590\" \/>\n\t<meta property=\"og:image:height\" content=\"590\" \/>\n\t<meta property=\"og:image:type\" content=\"image\/jpeg\" \/>\n<meta name=\"twitter:card\" content=\"summary_large_image\" \/>\n<script type=\"application\/ld+json\" class=\"yoast-schema-graph\">{\"@context\":\"https:\/\/schema.org\",\"@graph\":[{\"@type\":\"Organization\",\"@id\":\"https:\/\/dev.ibcparts.eu\/#organization\",\"name\":\"IBCparts\",\"url\":\"https:\/\/dev.ibcparts.eu\/\",\"sameAs\":[],\"logo\":{\"@type\":\"ImageObject\",\"inLanguage\":\"it-IT\",\"@id\":\"https:\/\/dev.ibcparts.eu\/#\/schema\/logo\/image\/\",\"url\":\"https:\/\/dev.ibcparts.eu\/wp-content\/uploads\/2021\/10\/Footer-Logo.png\",\"contentUrl\":\"https:\/\/dev.ibcparts.eu\/wp-content\/uploads\/2021\/10\/Footer-Logo.png\",\"width\":1992,\"height\":772,\"caption\":\"IBCparts\"},\"image\":{\"@id\":\"https:\/\/dev.ibcparts.eu\/#\/schema\/logo\/image\/\"}},{\"@type\":\"WebSite\",\"@id\":\"https:\/\/dev.ibcparts.eu\/#website\",\"url\":\"https:\/\/dev.ibcparts.eu\/\",\"name\":\"IBCparts.eu\",\"description\":\"\",\"publisher\":{\"@id\":\"https:\/\/dev.ibcparts.eu\/#organization\"},\"potentialAction\":[{\"@type\":\"SearchAction\",\"target\":{\"@type\":\"EntryPoint\",\"urlTemplate\":\"https:\/\/dev.ibcparts.eu\/?s={search_term_string}\"},\"query-input\":\"required name=search_term_string\"}],\"inLanguage\":\"it-IT\"},{\"@type\":\"ImageObject\",\"inLanguage\":\"it-IT\",\"@id\":\"https:\/\/dev.ibcparts.eu\/nakupujte\/odvodni-filtri-za-dezevnico\/filter-dezevnice-namoci\/#primaryimage\",\"url\":\"https:\/\/dev.ibcparts.eu\/wp-content\/uploads\/2021\/11\/filter-namoci_orig.jpg\",\"contentUrl\":\"https:\/\/dev.ibcparts.eu\/wp-content\/uploads\/2021\/11\/filter-namoci_orig.jpg\",\"width\":590,\"height\":590,\"caption\":\"filter-namoci_orig\"},{\"@type\":\"WebPage\",\"@id\":\"https:\/\/dev.ibcparts.eu\/nakupujte\/odvodni-filtri-za-dezevnico\/filter-dezevnice-namoci\/#webpage\",\"url\":\"https:\/\/dev.ibcparts.eu\/nakupujte\/odvodni-filtri-za-dezevnico\/filter-dezevnice-namoci\/\",\"name\":\"Filter de\u017eevnice NAMO\u010cI | IBCparts.eu\",\"isPartOf\":{\"@id\":\"https:\/\/dev.ibcparts.eu\/#website\"},\"primaryImageOfPage\":{\"@id\":\"https:\/\/dev.ibcparts.eu\/nakupujte\/odvodni-filtri-za-dezevnico\/filter-dezevnice-namoci\/#primaryimage\"},\"datePublished\":\"2021-11-04T07:46:18+00:00\",\"dateModified\":\"2022-04-09T19:30:46+00:00\",\"description\":\"Edinstven, zelo enostaven filter primeren za monta\u017eo na\u00a0cevi fi 110mm\u00a0(z redukcijami tudi\u00a075mm ali 50mm).100 mikronski ali 400 mikronski\u00a0\",\"breadcrumb\":{\"@id\":\"https:\/\/dev.ibcparts.eu\/nakupujte\/odvodni-filtri-za-dezevnico\/filter-dezevnice-namoci\/#breadcrumb\"},\"inLanguage\":\"it-IT\",\"potentialAction\":[{\"@type\":\"ReadAction\",\"target\":[\"https:\/\/dev.ibcparts.eu\/nakupujte\/odvodni-filtri-za-dezevnico\/filter-dezevnice-namoci\/\"]}]},{\"@type\":\"BreadcrumbList\",\"@id\":\"https:\/\/dev.ibcparts.eu\/nakupujte\/odvodni-filtri-za-dezevnico\/filter-dezevnice-namoci\/#breadcrumb\",\"itemListElement\":[{\"@type\":\"ListItem\",\"position\":1,\"name\":\"Home\",\"item\":\"https:\/\/dev.ibcparts.eu\/\"},{\"@type\":\"ListItem\",\"position\":2,\"name\":\"Nakupujte\",\"item\":\"https:\/\/dev.ibcparts.eu\/nakupujte\/\"},{\"@type\":\"ListItem\",\"position\":3,\"name\":\"Filter de\u017eevnice NAMO\u010cI\"}]}]}<\/script>\n<!-- \/ Yoast SEO plugin. -->","yoast_head_json":{"title":"Filter de\u017eevnice NAMO\u010cI | IBCparts.eu","description":"Edinstven, zelo enostaven filter primeren za monta\u017eo na\u00a0cevi fi 110mm\u00a0(z redukcijami tudi\u00a075mm ali 50mm).100 mikronski ali 400 mikronski\u00a0","robots":{"index":"index","follow":"follow","max-snippet":"max-snippet:-1","max-image-preview":"max-image-preview:large","max-video-preview":"max-video-preview:-1"},"canonical":"https:\/\/dev.ibcparts.eu\/it\/nakupujte\/odvodni-filtri-za-dezevnico\/filter-dezevnice-namoci\/","og_locale":"it_IT","og_type":"article","og_title":"Filter de\u017eevnice NAMO\u010cI | IBCparts.eu","og_description":"Edinstven, zelo enostaven filter primeren za monta\u017eo na\u00a0cevi fi 110mm\u00a0(z redukcijami tudi\u00a075mm ali 50mm).100 mikronski ali 400 mikronski\u00a0","og_url":"https:\/\/dev.ibcparts.eu\/it\/nakupujte\/odvodni-filtri-za-dezevnico\/filter-dezevnice-namoci\/","og_site_name":"IBCparts.eu","article_modified_time":"2022-04-09T19:30:46+00:00","og_image":[{"width":590,"height":590,"url":"https:\/\/dev.ibcparts.eu\/wp-content\/uploads\/2021\/11\/filter-namoci_orig.jpg","type":"image\/jpeg"}],"twitter_card":"summary_large_image","schema":{"@context":"https:\/\/schema.org","@graph":[{"@type":"Organization","@id":"https:\/\/dev.ibcparts.eu\/#organization","name":"IBCparts","url":"https:\/\/dev.ibcparts.eu\/","sameAs":[],"logo":{"@type":"ImageObject","inLanguage":"it-IT","@id":"https:\/\/dev.ibcparts.eu\/#\/schema\/logo\/image\/","url":"https:\/\/dev.ibcparts.eu\/wp-content\/uploads\/2021\/10\/Footer-Logo.png","contentUrl":"https:\/\/dev.ibcparts.eu\/wp-content\/uploads\/2021\/10\/Footer-Logo.png","width":1992,"height":772,"caption":"IBCparts"},"image":{"@id":"https:\/\/dev.ibcparts.eu\/#\/schema\/logo\/image\/"}},{"@type":"WebSite","@id":"https:\/\/dev.ibcparts.eu\/#website","url":"https:\/\/dev.ibcparts.eu\/","name":"IBCparts.eu","description":"","publisher":{"@id":"https:\/\/dev.ibcparts.eu\/#organization"},"potentialAction":[{"@type":"SearchAction","target":{"@type":"EntryPoint","urlTemplate":"https:\/\/dev.ibcparts.eu\/?s={search_term_string}"},"query-input":"required name=search_term_string"}],"inLanguage":"it-IT"},{"@type":"ImageObject","inLanguage":"it-IT","@id":"https:\/\/dev.ibcparts.eu\/nakupujte\/odvodni-filtri-za-dezevnico\/filter-dezevnice-namoci\/#primaryimage","url":"https:\/\/dev.ibcparts.eu\/wp-content\/uploads\/2021\/11\/filter-namoci_orig.jpg","contentUrl":"https:\/\/dev.ibcparts.eu\/wp-content\/uploads\/2021\/11\/filter-namoci_orig.jpg","width":590,"height":590,"caption":"filter-namoci_orig"},{"@type":"WebPage","@id":"https:\/\/dev.ibcparts.eu\/nakupujte\/odvodni-filtri-za-dezevnico\/filter-dezevnice-namoci\/#webpage","url":"https:\/\/dev.ibcparts.eu\/nakupujte\/odvodni-filtri-za-dezevnico\/filter-dezevnice-namoci\/","name":"Filter de\u017eevnice NAMO\u010cI | IBCparts.eu","isPartOf":{"@id":"https:\/\/dev.ibcparts.eu\/#website"},"primaryImageOfPage":{"@id":"https:\/\/dev.ibcparts.eu\/nakupujte\/odvodni-filtri-za-dezevnico\/filter-dezevnice-namoci\/#primaryimage"},"datePublished":"2021-11-04T07:46:18+00:00","dateModified":"2022-04-09T19:30:46+00:00","description":"Edinstven, zelo enostaven filter primeren za monta\u017eo na\u00a0cevi fi 110mm\u00a0(z redukcijami tudi\u00a075mm ali 50mm).100 mikronski ali 400 mikronski\u00a0","breadcrumb":{"@id":"https:\/\/dev.ibcparts.eu\/nakupujte\/odvodni-filtri-za-dezevnico\/filter-dezevnice-namoci\/#breadcrumb"},"inLanguage":"it-IT","potentialAction":[{"@type":"ReadAction","target":["https:\/\/dev.ibcparts.eu\/nakupujte\/odvodni-filtri-za-dezevnico\/filter-dezevnice-namoci\/"]}]},{"@type":"BreadcrumbList","@id":"https:\/\/dev.ibcparts.eu\/nakupujte\/odvodni-filtri-za-dezevnico\/filter-dezevnice-namoci\/#breadcrumb","itemListElement":[{"@type":"ListItem","position":1,"name":"Home","item":"https:\/\/dev.ibcparts.eu\/"},{"@type":"ListItem","position":2,"name":"Nakupujte","item":"https:\/\/dev.ibcparts.eu\/nakupujte\/"},{"@type":"ListItem","position":3,"name":"Filter de\u017eevnice NAMO\u010cI"}]}]}},"_links":{"self":[{"href":"https:\/\/dev.ibcparts.eu\/it\/wp-json\/wp\/v2\/product\/7018"}],"collection":[{"href":"https:\/\/dev.ibcparts.eu\/it\/wp-json\/wp\/v2\/product"}],"about":[{"href":"https:\/\/dev.ibcparts.eu\/it\/wp-json\/wp\/v2\/types\/product"}],"version-history":[{"count":0,"href":"https:\/\/dev.ibcparts.eu\/it\/wp-json\/wp\/v2\/product\/7018\/revisions"}],"wp:featuredmedia":[{"embeddable":true,"href":"https:\/\/dev.ibcparts.eu\/it\/wp-json\/wp\/v2\/media\/7019"}],"wp:attachment":[{"href":"https:\/\/dev.ibcparts.eu\/it\/wp-json\/wp\/v2\/media?parent=7018"}],"wp:term":[{"taxonomy":"product_cat","embeddable":true,"href":"https:\/\/dev.ibcparts.eu\/it\/wp-json\/wp\/v2\/product_cat?post=7018"},{"taxonomy":"product_tag","embeddable":true,"href":"https:\/\/dev.ibcparts.eu\/it\/wp-json\/wp\/v2\/product_tag?post=7018"}],"curies":[{"name":"wp","href":"https:\/\/api.w.org\/{rel}","templated":true}]}}