{"id":7101,"date":"2021-11-04T09:09:05","date_gmt":"2021-11-04T08:09:05","guid":{"rendered":"https:\/\/dev.ibcparts.eu\/?post_type=product&#038;p=7101"},"modified":"2022-05-05T10:27:07","modified_gmt":"2022-05-05T09:27:07","slug":"kobra6","status":"publish","type":"product","link":"https:\/\/dev.ibcparts.eu\/it\/nakupujte\/sistem-kobra\/kobra6\/","title":{"rendered":"Cobra6"},"content":{"rendered":"<p>Il sistema Kobra \u00e8 un sistema potente che facilita il trasferimento dell'acqua dal serbatoio IBC.<\/p>\n<p>Altezza totale: circa 33cm<\/p>\n<p>Ora un nuovo sistema ancora pi\u00f9 potente per una vita davvero lunga.<\/p>\n<p><strong>Il pacchetto include:<\/strong><br \/>\nRiduttore o adattatore (filettatura 3\/4\" o 1\u2033) per serbatoi con valvola fi 55-62mm, filettatura grossa S60x6 (DN50),<br \/>\nprolunga, 2x gomito alcalino, tubo alcalino, rubinetto.<br \/>\nIl serbatoio pu\u00f2 essere completamente svuotato! \u00c8 sufficiente ruotare il sistema di 90\u00b0 a sinistra o a destra. Con il sistema Kobra PLUS \u00e8 ancora pi\u00f9 facile.<br \/>\nGuarnizione in schiuma (PE).<br \/>\nEccellente tenuta e alta durata!<\/p>\n<p>Con l'opzione\u00a0<strong>Cobra PLUS\u00a0<\/strong>ottenere un'uscita aggiuntiva per il tubo da giardino nella parte inferiore del sistema.<\/p>\n<p><img loading=\"lazy\" class=\"alignnone size-medium wp-image-13340\" src=\"https:\/\/dev.ibcparts.eu\/wp-content\/uploads\/2022\/01\/td1-1-300x300.jpg\" alt=\"Cobra Plus\" width=\"300\" height=\"300\" srcset=\"https:\/\/dev.ibcparts.eu\/wp-content\/uploads\/2022\/01\/td1-1-300x300.jpg 300w, https:\/\/dev.ibcparts.eu\/wp-content\/uploads\/2022\/01\/td1-1-150x150.jpg 150w, https:\/\/dev.ibcparts.eu\/wp-content\/uploads\/2022\/01\/td1-1-12x12.jpg 12w, https:\/\/dev.ibcparts.eu\/wp-content\/uploads\/2022\/01\/td1-1.jpg 308w\" sizes=\"(max-width: 300px) 100vw, 300px\" \/><\/p>\n<p><iframe loading=\"lazy\" title=\"Sistema Cobra per container IBC.\" width=\"500\" height=\"375\" src=\"https:\/\/www.youtube.com\/embed\/YLcxTgMhNX0?feature=oembed\" frameborder=\"0\" allow=\"accelerometer; autoplay; clipboard-write; encrypted-media; gyroscope; picture-in-picture\" allowfullscreen><\/iframe><\/p>\n<p>&nbsp;<\/p>","protected":false},"excerpt":{"rendered":"<p>(Rubinetto metallico 1\u2033 PRO, 32mm fi)<\/p>","protected":false},"featured_media":8603,"template":"","meta":[],"product_cat":[188],"product_tag":[],"yoast_head":"<!-- This site is optimized with the Yoast SEO plugin v19.1 - https:\/\/yoast.com\/wordpress\/plugins\/seo\/ -->\n<title>Kobra6 | IBCparts.eu<\/title>\n<meta name=\"description\" content=\"Mo\u010dan sistem za la\u017eje pretakanje vode iz IBC cisterne.Skupna vi\u0161ina: cca 33cmSedaj nov, \u0161e mo\u010dnej\u0161i sistem, za res dolgo \u017eivljenjsko dobo.\" \/>\n<meta name=\"robots\" content=\"index, follow, max-snippet:-1, max-image-preview:large, max-video-preview:-1\" \/>\n<link rel=\"canonical\" href=\"https:\/\/dev.ibcparts.eu\/it\/nakupujte\/sistem-kobra\/kobra6\/\" \/>\n<meta property=\"og:locale\" content=\"it_IT\" \/>\n<meta property=\"og:type\" content=\"article\" \/>\n<meta property=\"og:title\" content=\"Kobra6 | IBCparts.eu\" \/>\n<meta property=\"og:description\" content=\"Mo\u010dan sistem za la\u017eje pretakanje vode iz IBC cisterne.Skupna vi\u0161ina: cca 33cmSedaj nov, \u0161e mo\u010dnej\u0161i sistem, za res dolgo \u017eivljenjsko dobo.\" \/>\n<meta property=\"og:url\" content=\"https:\/\/dev.ibcparts.eu\/it\/nakupujte\/sistem-kobra\/kobra6\/\" \/>\n<meta property=\"og:site_name\" content=\"IBCparts.eu\" \/>\n<meta property=\"article:modified_time\" content=\"2022-05-05T09:27:07+00:00\" \/>\n<meta property=\"og:image\" content=\"https:\/\/dev.ibcparts.eu\/wp-content\/uploads\/2021\/11\/Screenshot_35.png\" \/>\n\t<meta property=\"og:image:width\" content=\"491\" \/>\n\t<meta property=\"og:image:height\" content=\"494\" \/>\n\t<meta property=\"og:image:type\" content=\"image\/png\" \/>\n<meta name=\"twitter:card\" content=\"summary_large_image\" \/>\n<meta name=\"twitter:label1\" content=\"Tempo di lettura stimato\" \/>\n\t<meta name=\"twitter:data1\" content=\"1 minuto\" \/>\n<script type=\"application\/ld+json\" class=\"yoast-schema-graph\">{\"@context\":\"https:\/\/schema.org\",\"@graph\":[{\"@type\":\"Organization\",\"@id\":\"https:\/\/dev.ibcparts.eu\/#organization\",\"name\":\"IBCparts\",\"url\":\"https:\/\/dev.ibcparts.eu\/\",\"sameAs\":[],\"logo\":{\"@type\":\"ImageObject\",\"inLanguage\":\"it-IT\",\"@id\":\"https:\/\/dev.ibcparts.eu\/#\/schema\/logo\/image\/\",\"url\":\"https:\/\/dev.ibcparts.eu\/wp-content\/uploads\/2021\/10\/Footer-Logo.png\",\"contentUrl\":\"https:\/\/dev.ibcparts.eu\/wp-content\/uploads\/2021\/10\/Footer-Logo.png\",\"width\":1992,\"height\":772,\"caption\":\"IBCparts\"},\"image\":{\"@id\":\"https:\/\/dev.ibcparts.eu\/#\/schema\/logo\/image\/\"}},{\"@type\":\"WebSite\",\"@id\":\"https:\/\/dev.ibcparts.eu\/#website\",\"url\":\"https:\/\/dev.ibcparts.eu\/\",\"name\":\"IBCparts.eu\",\"description\":\"\",\"publisher\":{\"@id\":\"https:\/\/dev.ibcparts.eu\/#organization\"},\"potentialAction\":[{\"@type\":\"SearchAction\",\"target\":{\"@type\":\"EntryPoint\",\"urlTemplate\":\"https:\/\/dev.ibcparts.eu\/?s={search_term_string}\"},\"query-input\":\"required name=search_term_string\"}],\"inLanguage\":\"it-IT\"},{\"@type\":\"ImageObject\",\"inLanguage\":\"it-IT\",\"@id\":\"https:\/\/dev.ibcparts.eu\/de\/nakupujte\/sistem-kobra\/kobra6\/#primaryimage\",\"url\":\"https:\/\/dev.ibcparts.eu\/wp-content\/uploads\/2021\/11\/Screenshot_35.png\",\"contentUrl\":\"https:\/\/dev.ibcparts.eu\/wp-content\/uploads\/2021\/11\/Screenshot_35.png\",\"width\":491,\"height\":494,\"caption\":\"Screenshot_\"},{\"@type\":\"WebPage\",\"@id\":\"https:\/\/dev.ibcparts.eu\/de\/nakupujte\/sistem-kobra\/kobra6\/#webpage\",\"url\":\"https:\/\/dev.ibcparts.eu\/de\/nakupujte\/sistem-kobra\/kobra6\/\",\"name\":\"Kobra6 | IBCparts.eu\",\"isPartOf\":{\"@id\":\"https:\/\/dev.ibcparts.eu\/#website\"},\"primaryImageOfPage\":{\"@id\":\"https:\/\/dev.ibcparts.eu\/de\/nakupujte\/sistem-kobra\/kobra6\/#primaryimage\"},\"datePublished\":\"2021-11-04T08:09:05+00:00\",\"dateModified\":\"2022-05-05T09:27:07+00:00\",\"description\":\"Mo\u010dan sistem za la\u017eje pretakanje vode iz IBC cisterne.Skupna vi\u0161ina: cca 33cmSedaj nov, \u0161e mo\u010dnej\u0161i sistem, za res dolgo \u017eivljenjsko dobo.\",\"breadcrumb\":{\"@id\":\"https:\/\/dev.ibcparts.eu\/de\/nakupujte\/sistem-kobra\/kobra6\/#breadcrumb\"},\"inLanguage\":\"it-IT\",\"potentialAction\":[{\"@type\":\"ReadAction\",\"target\":[\"https:\/\/dev.ibcparts.eu\/de\/nakupujte\/sistem-kobra\/kobra6\/\"]}]},{\"@type\":\"BreadcrumbList\",\"@id\":\"https:\/\/dev.ibcparts.eu\/de\/nakupujte\/sistem-kobra\/kobra6\/#breadcrumb\",\"itemListElement\":[{\"@type\":\"ListItem\",\"position\":1,\"name\":\"Home\",\"item\":\"https:\/\/dev.ibcparts.eu\/\"},{\"@type\":\"ListItem\",\"position\":2,\"name\":\"Nakupujte\",\"item\":\"https:\/\/dev.ibcparts.eu\/nakupujte\/\"},{\"@type\":\"ListItem\",\"position\":3,\"name\":\"Kobra6\"}]}]}<\/script>\n<!-- \/ Yoast SEO plugin. -->","yoast_head_json":{"title":"Kobra6 | IBCparts.eu","description":"Mo\u010dan sistem za la\u017eje pretakanje vode iz IBC cisterne.Skupna vi\u0161ina: cca 33cmSedaj nov, \u0161e mo\u010dnej\u0161i sistem, za res dolgo \u017eivljenjsko dobo.","robots":{"index":"index","follow":"follow","max-snippet":"max-snippet:-1","max-image-preview":"max-image-preview:large","max-video-preview":"max-video-preview:-1"},"canonical":"https:\/\/dev.ibcparts.eu\/it\/nakupujte\/sistem-kobra\/kobra6\/","og_locale":"it_IT","og_type":"article","og_title":"Kobra6 | IBCparts.eu","og_description":"Mo\u010dan sistem za la\u017eje pretakanje vode iz IBC cisterne.Skupna vi\u0161ina: cca 33cmSedaj nov, \u0161e mo\u010dnej\u0161i sistem, za res dolgo \u017eivljenjsko dobo.","og_url":"https:\/\/dev.ibcparts.eu\/it\/nakupujte\/sistem-kobra\/kobra6\/","og_site_name":"IBCparts.eu","article_modified_time":"2022-05-05T09:27:07+00:00","og_image":[{"width":491,"height":494,"url":"https:\/\/dev.ibcparts.eu\/wp-content\/uploads\/2021\/11\/Screenshot_35.png","type":"image\/png"}],"twitter_card":"summary_large_image","twitter_misc":{"Tempo di lettura stimato":"1 minuto"},"schema":{"@context":"https:\/\/schema.org","@graph":[{"@type":"Organization","@id":"https:\/\/dev.ibcparts.eu\/#organization","name":"IBCparts","url":"https:\/\/dev.ibcparts.eu\/","sameAs":[],"logo":{"@type":"ImageObject","inLanguage":"it-IT","@id":"https:\/\/dev.ibcparts.eu\/#\/schema\/logo\/image\/","url":"https:\/\/dev.ibcparts.eu\/wp-content\/uploads\/2021\/10\/Footer-Logo.png","contentUrl":"https:\/\/dev.ibcparts.eu\/wp-content\/uploads\/2021\/10\/Footer-Logo.png","width":1992,"height":772,"caption":"IBCparts"},"image":{"@id":"https:\/\/dev.ibcparts.eu\/#\/schema\/logo\/image\/"}},{"@type":"WebSite","@id":"https:\/\/dev.ibcparts.eu\/#website","url":"https:\/\/dev.ibcparts.eu\/","name":"IBCparts.eu","description":"","publisher":{"@id":"https:\/\/dev.ibcparts.eu\/#organization"},"potentialAction":[{"@type":"SearchAction","target":{"@type":"EntryPoint","urlTemplate":"https:\/\/dev.ibcparts.eu\/?s={search_term_string}"},"query-input":"required name=search_term_string"}],"inLanguage":"it-IT"},{"@type":"ImageObject","inLanguage":"it-IT","@id":"https:\/\/dev.ibcparts.eu\/de\/nakupujte\/sistem-kobra\/kobra6\/#primaryimage","url":"https:\/\/dev.ibcparts.eu\/wp-content\/uploads\/2021\/11\/Screenshot_35.png","contentUrl":"https:\/\/dev.ibcparts.eu\/wp-content\/uploads\/2021\/11\/Screenshot_35.png","width":491,"height":494,"caption":"Screenshot_"},{"@type":"WebPage","@id":"https:\/\/dev.ibcparts.eu\/de\/nakupujte\/sistem-kobra\/kobra6\/#webpage","url":"https:\/\/dev.ibcparts.eu\/de\/nakupujte\/sistem-kobra\/kobra6\/","name":"Kobra6 | IBCparts.eu","isPartOf":{"@id":"https:\/\/dev.ibcparts.eu\/#website"},"primaryImageOfPage":{"@id":"https:\/\/dev.ibcparts.eu\/de\/nakupujte\/sistem-kobra\/kobra6\/#primaryimage"},"datePublished":"2021-11-04T08:09:05+00:00","dateModified":"2022-05-05T09:27:07+00:00","description":"Mo\u010dan sistem za la\u017eje pretakanje vode iz IBC cisterne.Skupna vi\u0161ina: cca 33cmSedaj nov, \u0161e mo\u010dnej\u0161i sistem, za res dolgo \u017eivljenjsko dobo.","breadcrumb":{"@id":"https:\/\/dev.ibcparts.eu\/de\/nakupujte\/sistem-kobra\/kobra6\/#breadcrumb"},"inLanguage":"it-IT","potentialAction":[{"@type":"ReadAction","target":["https:\/\/dev.ibcparts.eu\/de\/nakupujte\/sistem-kobra\/kobra6\/"]}]},{"@type":"BreadcrumbList","@id":"https:\/\/dev.ibcparts.eu\/de\/nakupujte\/sistem-kobra\/kobra6\/#breadcrumb","itemListElement":[{"@type":"ListItem","position":1,"name":"Home","item":"https:\/\/dev.ibcparts.eu\/"},{"@type":"ListItem","position":2,"name":"Nakupujte","item":"https:\/\/dev.ibcparts.eu\/nakupujte\/"},{"@type":"ListItem","position":3,"name":"Kobra6"}]}]}},"_links":{"self":[{"href":"https:\/\/dev.ibcparts.eu\/it\/wp-json\/wp\/v2\/product\/7101"}],"collection":[{"href":"https:\/\/dev.ibcparts.eu\/it\/wp-json\/wp\/v2\/product"}],"about":[{"href":"https:\/\/dev.ibcparts.eu\/it\/wp-json\/wp\/v2\/types\/product"}],"version-history":[{"count":0,"href":"https:\/\/dev.ibcparts.eu\/it\/wp-json\/wp\/v2\/product\/7101\/revisions"}],"wp:featuredmedia":[{"embeddable":true,"href":"https:\/\/dev.ibcparts.eu\/it\/wp-json\/wp\/v2\/media\/8603"}],"wp:attachment":[{"href":"https:\/\/dev.ibcparts.eu\/it\/wp-json\/wp\/v2\/media?parent=7101"}],"wp:term":[{"taxonomy":"product_cat","embeddable":true,"href":"https:\/\/dev.ibcparts.eu\/it\/wp-json\/wp\/v2\/product_cat?post=7101"},{"taxonomy":"product_tag","embeddable":true,"href":"https:\/\/dev.ibcparts.eu\/it\/wp-json\/wp\/v2\/product_tag?post=7101"}],"curies":[{"name":"wp","href":"https:\/\/api.w.org\/{rel}","templated":true}]}}